{"id":56,"date":"2014-10-26T15:21:26","date_gmt":"2014-10-26T15:21:26","guid":{"rendered":"http:\/\/wolfgang-theodor-mueller.com\/?page_id=56"},"modified":"2019-04-09T09:36:24","modified_gmt":"2019-04-09T09:36:24","slug":"vortraege","status":"publish","type":"page","link":"https:\/\/wolfgang-theodor-mueller.com\/?page_id=56","title":{"rendered":"Vortr\u00e4ge"},"content":{"rendered":"<p><strong>Vortragsthemen, die gebucht werden k\u00f6nnen:<\/strong><\/p>\n<ul>\n<li style=\"list-style-type: none;\">\n<ul>\n<li><strong><strong>BURNOUT<\/strong><\/strong>\n<ul>\n<li>&#8222;BURNOUT &#8211; Ausgebrannt, was nun?&#8220; &#8211; 2-Stunden-Vortrag zur sanften, alternativen Burnout-Pr\u00e4vention<\/li>\n<\/ul>\n<p><iframe loading=\"lazy\" src=\"https:\/\/www.youtube.com\/embed\/dFfCfuM2hl4\" width=\"560\" height=\"315\" frameborder=\"0\" allowfullscreen=\"allowfullscreen\"><\/iframe><\/li>\n<\/ul>\n<\/li>\n<\/ul>\n<ul>\n<li style=\"list-style-type: none;\">\n<ul>\n<li>&#8222;FIRMEN-BURNOUT &#8211; Wie Firmenverantwortliche sich erfolgreich vor dem Ausbrennen sch\u00fctzen k\u00f6nnen&#8220; 2-Stunden-Vortrag<\/li>\n<li>&#8222;BEAMTEN-BURNOUT &#8211; Kein Widerspruch in sich selbst. Wie \u00f6ffentlich Bedienstete wieder zu sich selbst finden&#8220; &#8211; 2 Stunden-Vortrag<\/li>\n<li>&#8222;ELTERN-BURNOUT &#8211; Ich kann nicht mehr. Was tun? Strategien raus aus der\u00a0Verzweiflung&#8220; &#8211; 2 Stunden-Vortrag<\/li>\n<li>&#8222;SCH\u00dcLER-BURNOUT &#8211; So bekommt man Schule, Eltern und die Freizeit wieder in den Griff&#8220; &#8211; 1,5 Stunden-Vortrag<\/li>\n<li>&#8222;RENTNER-BOREOUT &#8211; Ein Leben lang geschuftet &#8211; und was nun? Raus aus der Sinnentleerung im Alter&#8220; &#8211; 1,5 Stunden-Vortrag<\/li>\n<li>&#8222;BURNOUT F\u00dcR ANGEH\u00d6RIGE &#8211; Wie gehen Familienmitglieder mit Burnout in der Familie um? &#8211; 2 Stunden-Vortrag<\/li>\n<\/ul>\n<\/li>\n<li><strong><strong>LEBENSHILFE \/ SELBSTHILFE \/ GESUNDHEIT<\/strong><\/strong>\n<ul>\n<li><strong><a href=\"https:\/\/wolfgang-theodor-mueller.com\/wp-content\/uploads\/2014\/10\/DSC8999.jpg\"><img loading=\"lazy\" decoding=\"async\" class=\"alignright wp-image-107 size-medium\" src=\"https:\/\/wolfgang-theodor-mueller.com\/wp-content\/uploads\/2014\/10\/DSC8999-e1414655584712-169x300.jpg\" alt=\"Wolfgang T. M\u00fcller\" width=\"169\" height=\"300\" srcset=\"https:\/\/wolfgang-theodor-mueller.com\/wp-content\/uploads\/2014\/10\/DSC8999-e1414655584712-169x300.jpg 169w, https:\/\/wolfgang-theodor-mueller.com\/wp-content\/uploads\/2014\/10\/DSC8999-e1414655584712.jpg 414w\" sizes=\"auto, (max-width: 169px) 100vw, 169px\" \/><\/a><\/strong>&#8222;ENTSCHLEUNIGUNG &#8211; Mit Lust und Langsamkeit das Leben genie\u00dfen&#8220; &#8211; 1 Stunden Vortrag<\/li>\n<li>&#8222;HEILE DICH SELBST &#8211; So aktiviert man seine Selbstheilungskr\u00e4fte&#8220; &#8211; 2 Stunden-Vortrag mit Live-Demonstration<\/li>\n<li>&#8222;QUANTENHEILUNG &#8211; Energiemedizin der neuen Zeit&#8220; &#8211; 2 Stunden-Vortrag mit Live-Demonstration<\/li>\n<li>&#8222;HO&#8217;OPONOPONO &#8211; Die hohe Kunst der Selbstverzeihung&#8220; &#8211; 2 Stunden Vortrag mit Live-Demonstration<\/li>\n<li>&#8222;NEIN SAGEN LERNEN &#8211; Die besten Verweigerung-Strategien f\u00fcr ein selbstbestimmtes Leben&#8220; &#8211; 2 Stunden Vortrag<\/li>\n<li>&#8222;ANNEHMEN STATT K\u00c4MPFEN\u00a0&#8211; So lerne ich, mich wieder zu lieben&#8220; &#8211; 1 Stunden-Vortrag<\/li>\n<li>&#8222;ICH BIN ICH &#8211; Strategien zur Selbstakzeptanz&#8220; &#8211; 1 Stunden-Vortrag<\/li>\n<li>&#8222;DAS RESONANZ-PRINZIP\u00a0&#8211; Wie ich meine Welt ver\u00e4ndern kann&#8220; &#8211; 2\u00a0Stunden-Vortrag<\/li>\n<li>&#8222;NOW IS THE MOMENT&#8220; &#8211; Jetzt ist der Augenblick Deines Lebens&#8220; &#8211; 1,5 Stunden-Vortrag<\/li>\n<li>&#8222;DEIN WILLE GESCHEHE &#8211; Alle Macht ist mit Dir, Du musst es nur tun&#8220; &#8211; 1,5 Stunden Vortrag<\/li>\n<li>&#8222;HILF DIR SELBST &#8211; DANN HILFT DIR GOTT &#8211;\u00a0Eigenverantwortung als Zauberformel f\u00fcr ein gl\u00fcckliches Leben&#8220; &#8211; 1 Stunden-Vortrag<\/li>\n<li>&#8222;HALLELUJA UND VERDAMMT NOCH MAL! &#8211; Wie richtiges Fluchen von den Fesseln befreit&#8220; &#8211; 1-Stunden-Vortrag<\/li>\n<\/ul>\n<\/li>\n<li><strong><strong>PARTNERSCHAFT \/ ZUSAMMENLEBEN<\/strong><\/strong>\n<ul>\n<li>&#8222;SCHATZ &#8211; WIR M\u00dcSSEN REDEN &#8211; Wie Partnerschaft funktioniert kann&#8220; &#8211; 1,5 Stunden Vortrag<\/li>\n<li>&#8222;KEINER VERSTEHT MICH &#8211; Endlich raus aus dem Selbstmitleid!&#8220; &#8211; 1 Stunden-Vortrag<\/li>\n<li>&#8222;KANNST DU ES WIRKLICH WISSEN? &#8211; Warum wir glauben, was wir denken. So kommen wir raus aus unseren un\u00fcberpr\u00fcften Geschichten&#8220; &#8211; 2 Stunden-Vortrag<\/li>\n<\/ul>\n<\/li>\n<li><strong>HUMOR \/ COMEDY<\/strong>\n<ul>\n<li>&#8222;ERLEUCHTET &#8211; Lichtarbeiter on Tour&#8220; (2-Stunden-Abendprogramm)<\/li>\n<li>&#8222;SCHEINHEILIG &#8211; \u00a0Esoterisch f\u00fcr\u00a0Anf\u00e4nger&#8220; (2-Stunden-Abendprogramm)<\/li>\n<\/ul>\n<\/li>\n<li>\n<div id=\"attachment_162\" style=\"width: 259px\" class=\"wp-caption alignright\"><a href=\"https:\/\/wolfgang-theodor-mueller.com\/wp-content\/uploads\/2014\/10\/FH-Graz.jpg\"><img loading=\"lazy\" decoding=\"async\" aria-describedby=\"caption-attachment-162\" class=\"wp-image-162 size-full\" src=\"https:\/\/wolfgang-theodor-mueller.com\/wp-content\/uploads\/2014\/10\/FH-Graz.jpg\" alt=\"Podiumsdiskussion in der \u00d6H \/ FH Graz Campus 02 zum Thema Burnout bei Studierenden\" width=\"249\" height=\"129\" \/><\/a><p id=\"caption-attachment-162\" class=\"wp-caption-text\">Podiumsdiskussion in der \u00d6H \/ FH Graz Campus 02 zum Thema Burnout bei Studierenden<\/p><\/div>\n<p><strong>BERUF \/ KARRIERE\u00a0<\/strong><\/p>\n<ul>\n<li>&#8222;DIE SPRACHE DEINES K\u00d6RPERS &#8211; Die geheimen Botschaften des K\u00f6rpers entschl\u00fcsseln&#8220; &#8211; 2 Stunden-Vortrag<\/li>\n<li>&#8222;MANIPULATION &#8211; Wie wir uns pausenlos gegenseitig manipulieren und davon profitiere&#8220; &#8211; 2 Stunden-Vortrag<\/li>\n<li>&#8222;LUSTVOLLES ARBEITEN &#8211; Die Einstellung macht&#8217;s: So mache ich meinen Beruf zur Berufung&#8220; &#8211; 2 Stunden-Vortrag<\/li>\n<li>&#8222;ENTSCHLEUNIGUNG IM MANAGEMENT &#8211; Effektiveres Arbeiten durch Innehalten&#8220; &#8211; 2 Stunden-Vortrag<\/li>\n<li>&#8222;WORK-LIFE-BALANCE &#8211; Hamsterrad ade!&#8220; &#8211; 2 Stunden-Vortrag<\/li>\n<li>&#8222;FIRMEN-BURNOUT &#8211; Wie Firmenverantwortliche sich erfolgreich vor dem Ausbrennen sch\u00fctzen k\u00f6nnen&#8220; 2-Stunden-Vortrag<\/li>\n<li>&#8222;BEAMTEN-BURNOUT &#8211; Kein Widerspruch in sich selbst. Wie \u00f6ffentlich Bedienstete wieder zu sich selbst finden&#8220; &#8211; 2 Stunden-Vortrag<\/li>\n<\/ul>\n<\/li>\n<li><strong>WUNSCHERF\u00dcLLUNG \/ F\u00dcLLE \/ WOHLSTAND<\/strong>\n<ul>\n<li>&#8222;DIE KUNST DES LOSLASSENS &#8211; So kommt Neues in Ihr Leben.&#8220; 1,5 Stunden-Vortrag<\/li>\n<li>&#8222;GL\u00dcCKSGESETZE &#8211; Anleitungen f\u00fcr ein gl\u00fcckliches, dankbares Leben&#8220; &#8211; 1,5 Stunden<\/li>\n<li>&#8222;DIE HERMETISCHEN GESETZE &#8211; Wie wir die\u00a0universellen Gesetze f\u00fcr uns nutzbar machen k\u00f6nnen&#8220; &#8211; 2 Stunden-Vortrag<\/li>\n<li>&#8222;DAS STERNTALER-PRINZIP &#8211; Die\u00a0besten Wunscherf\u00fcllungs-Strategien&#8220; &#8211; 1,5 Stunden-Vortrag<\/li>\n<\/ul>\n<\/li>\n<li>u.v.a. <strong>Spezialthemen auf Anfrage<\/strong> und auch im Auftrag<\/li>\n<\/ul>\n<p>Die Vortr\u00e4ge k\u00f6nnen auf Wunsch als Inhouse-Vortr\u00e4ge, \u00f6ffentliche Veranstaltung, im Rahmen von Events, als Webinar, als Video-Live-Streaming etc. durchgef\u00fchrt werden.<\/p>\n<p>Erfragen Sie das Vortrags-Honorar direkt in meinem B\u00fcro unter 0043-676-4548290 oder per Mail unter <a href=\"mailto:info@wolfgang-theodor-mueller.de\">info@wolfgang-theodor-mueller.de<\/a><\/p>\n<p>Viele der Vortr\u00e4ge werden sporadisch auch von meiner Event-Agentur AKUA-EVENTS organisiert und veranstaltet. Termine und Ticket-Service unter <a href=\"http:\/\/www.akua-events.com\" target=\"_blank\" rel=\"noopener noreferrer\">www.akua-events.com<\/a>.<\/p>\n","protected":false},"excerpt":{"rendered":"<p>Vortragsthemen, die gebucht werden k\u00f6nnen: BURNOUT &#8222;BURNOUT &#8211; Ausgebrannt, was nun?&#8220; &#8211; 2-Stunden-Vortrag zur sanften, alternativen Burnout-Pr\u00e4vention &#8222;FIRMEN-BURNOUT &#8211; Wie Firmenverantwortliche sich erfolgreich vor dem Ausbrennen sch\u00fctzen k\u00f6nnen&#8220; 2-Stunden-Vortrag &#8222;BEAMTEN-BURNOUT&#8230; <a class=\"read-more-button\" href=\"https:\/\/wolfgang-theodor-mueller.com\/?page_id=56\">Mehr Lesen &gt;<\/a><\/p>\n","protected":false},"author":1,"featured_media":0,"parent":0,"menu_order":0,"comment_status":"closed","ping_status":"closed","template":"","meta":{"footnotes":""},"class_list":["post-56","page","type-page","status-publish","hentry"],"yoast_head":"<!-- This site is optimized with the Yoast SEO plugin v27.4 - https:\/\/yoast.com\/product\/yoast-seo-wordpress\/ -->\n<title>Vortr\u00e4ge - Wolfgang T. M\u00fcller<\/title>\n<meta name=\"robots\" content=\"index, follow, max-snippet:-1, max-image-preview:large, max-video-preview:-1\" \/>\n<link rel=\"canonical\" href=\"https:\/\/wolfgang-theodor-mueller.com\/?page_id=56\" \/>\n<meta property=\"og:locale\" content=\"de_DE\" \/>\n<meta property=\"og:type\" content=\"article\" \/>\n<meta property=\"og:title\" content=\"Vortr\u00e4ge - Wolfgang T. M\u00fcller\" \/>\n<meta property=\"og:description\" content=\"Vortragsthemen, die gebucht werden k\u00f6nnen: BURNOUT &#8222;BURNOUT &#8211; Ausgebrannt, was nun?&#8220; &#8211; 2-Stunden-Vortrag zur sanften, alternativen Burnout-Pr\u00e4vention &#8222;FIRMEN-BURNOUT &#8211; Wie Firmenverantwortliche sich erfolgreich vor dem Ausbrennen sch\u00fctzen k\u00f6nnen&#8220; 2-Stunden-Vortrag &#8222;BEAMTEN-BURNOUT... Mehr Lesen &gt;\" \/>\n<meta property=\"og:url\" content=\"https:\/\/wolfgang-theodor-mueller.com\/?page_id=56\" \/>\n<meta property=\"og:site_name\" content=\"Wolfgang T. M\u00fcller\" \/>\n<meta property=\"article:modified_time\" content=\"2019-04-09T09:36:24+00:00\" \/>\n<meta property=\"og:image\" content=\"https:\/\/wolfgang-theodor-mueller.com\/wp-content\/uploads\/2014\/10\/DSC8999-e1414655584712-169x300.jpg\" \/>\n<meta name=\"twitter:label1\" content=\"Gesch\u00e4tzte Lesezeit\" \/>\n\t<meta name=\"twitter:data1\" content=\"3\u00a0Minuten\" \/>\n<script type=\"application\/ld+json\" class=\"yoast-schema-graph\">{\"@context\":\"https:\\\/\\\/schema.org\",\"@graph\":[{\"@type\":\"WebPage\",\"@id\":\"https:\\\/\\\/wolfgang-theodor-mueller.com\\\/?page_id=56\",\"url\":\"https:\\\/\\\/wolfgang-theodor-mueller.com\\\/?page_id=56\",\"name\":\"Vortr\u00e4ge - Wolfgang T. M\u00fcller\",\"isPartOf\":{\"@id\":\"https:\\\/\\\/wolfgang-theodor-mueller.com\\\/#website\"},\"primaryImageOfPage\":{\"@id\":\"https:\\\/\\\/wolfgang-theodor-mueller.com\\\/?page_id=56#primaryimage\"},\"image\":{\"@id\":\"https:\\\/\\\/wolfgang-theodor-mueller.com\\\/?page_id=56#primaryimage\"},\"thumbnailUrl\":\"https:\\\/\\\/wolfgang-theodor-mueller.com\\\/wp-content\\\/uploads\\\/2014\\\/10\\\/DSC8999-e1414655584712-169x300.jpg\",\"datePublished\":\"2014-10-26T15:21:26+00:00\",\"dateModified\":\"2019-04-09T09:36:24+00:00\",\"breadcrumb\":{\"@id\":\"https:\\\/\\\/wolfgang-theodor-mueller.com\\\/?page_id=56#breadcrumb\"},\"inLanguage\":\"de\",\"potentialAction\":[{\"@type\":\"ReadAction\",\"target\":[\"https:\\\/\\\/wolfgang-theodor-mueller.com\\\/?page_id=56\"]}]},{\"@type\":\"ImageObject\",\"inLanguage\":\"de\",\"@id\":\"https:\\\/\\\/wolfgang-theodor-mueller.com\\\/?page_id=56#primaryimage\",\"url\":\"https:\\\/\\\/wolfgang-theodor-mueller.com\\\/wp-content\\\/uploads\\\/2014\\\/10\\\/DSC8999-e1414655584712.jpg\",\"contentUrl\":\"https:\\\/\\\/wolfgang-theodor-mueller.com\\\/wp-content\\\/uploads\\\/2014\\\/10\\\/DSC8999-e1414655584712.jpg\",\"width\":414,\"height\":733,\"caption\":\"Wolfgang T. M\u00fcller\"},{\"@type\":\"BreadcrumbList\",\"@id\":\"https:\\\/\\\/wolfgang-theodor-mueller.com\\\/?page_id=56#breadcrumb\",\"itemListElement\":[{\"@type\":\"ListItem\",\"position\":1,\"name\":\"Home\",\"item\":\"https:\\\/\\\/wolfgang-theodor-mueller.com\\\/\"},{\"@type\":\"ListItem\",\"position\":2,\"name\":\"Vortr\u00e4ge\"}]},{\"@type\":\"WebSite\",\"@id\":\"https:\\\/\\\/wolfgang-theodor-mueller.com\\\/#website\",\"url\":\"https:\\\/\\\/wolfgang-theodor-mueller.com\\\/\",\"name\":\"Wolfgang T. M\u00fcller\",\"description\":\"Keynote-Speaker - Dozent - Lebenslehrer\",\"potentialAction\":[{\"@type\":\"SearchAction\",\"target\":{\"@type\":\"EntryPoint\",\"urlTemplate\":\"https:\\\/\\\/wolfgang-theodor-mueller.com\\\/?s={search_term_string}\"},\"query-input\":{\"@type\":\"PropertyValueSpecification\",\"valueRequired\":true,\"valueName\":\"search_term_string\"}}],\"inLanguage\":\"de\"}]}<\/script>\n<!-- \/ Yoast SEO plugin. -->","yoast_head_json":{"title":"Vortr\u00e4ge - Wolfgang T. M\u00fcller","robots":{"index":"index","follow":"follow","max-snippet":"max-snippet:-1","max-image-preview":"max-image-preview:large","max-video-preview":"max-video-preview:-1"},"canonical":"https:\/\/wolfgang-theodor-mueller.com\/?page_id=56","og_locale":"de_DE","og_type":"article","og_title":"Vortr\u00e4ge - Wolfgang T. M\u00fcller","og_description":"Vortragsthemen, die gebucht werden k\u00f6nnen: BURNOUT &#8222;BURNOUT &#8211; Ausgebrannt, was nun?&#8220; &#8211; 2-Stunden-Vortrag zur sanften, alternativen Burnout-Pr\u00e4vention &#8222;FIRMEN-BURNOUT &#8211; Wie Firmenverantwortliche sich erfolgreich vor dem Ausbrennen sch\u00fctzen k\u00f6nnen&#8220; 2-Stunden-Vortrag &#8222;BEAMTEN-BURNOUT... Mehr Lesen &gt;","og_url":"https:\/\/wolfgang-theodor-mueller.com\/?page_id=56","og_site_name":"Wolfgang T. M\u00fcller","article_modified_time":"2019-04-09T09:36:24+00:00","og_image":[{"url":"https:\/\/wolfgang-theodor-mueller.com\/wp-content\/uploads\/2014\/10\/DSC8999-e1414655584712-169x300.jpg","type":"","width":"","height":""}],"twitter_misc":{"Gesch\u00e4tzte Lesezeit":"3\u00a0Minuten"},"schema":{"@context":"https:\/\/schema.org","@graph":[{"@type":"WebPage","@id":"https:\/\/wolfgang-theodor-mueller.com\/?page_id=56","url":"https:\/\/wolfgang-theodor-mueller.com\/?page_id=56","name":"Vortr\u00e4ge - Wolfgang T. M\u00fcller","isPartOf":{"@id":"https:\/\/wolfgang-theodor-mueller.com\/#website"},"primaryImageOfPage":{"@id":"https:\/\/wolfgang-theodor-mueller.com\/?page_id=56#primaryimage"},"image":{"@id":"https:\/\/wolfgang-theodor-mueller.com\/?page_id=56#primaryimage"},"thumbnailUrl":"https:\/\/wolfgang-theodor-mueller.com\/wp-content\/uploads\/2014\/10\/DSC8999-e1414655584712-169x300.jpg","datePublished":"2014-10-26T15:21:26+00:00","dateModified":"2019-04-09T09:36:24+00:00","breadcrumb":{"@id":"https:\/\/wolfgang-theodor-mueller.com\/?page_id=56#breadcrumb"},"inLanguage":"de","potentialAction":[{"@type":"ReadAction","target":["https:\/\/wolfgang-theodor-mueller.com\/?page_id=56"]}]},{"@type":"ImageObject","inLanguage":"de","@id":"https:\/\/wolfgang-theodor-mueller.com\/?page_id=56#primaryimage","url":"https:\/\/wolfgang-theodor-mueller.com\/wp-content\/uploads\/2014\/10\/DSC8999-e1414655584712.jpg","contentUrl":"https:\/\/wolfgang-theodor-mueller.com\/wp-content\/uploads\/2014\/10\/DSC8999-e1414655584712.jpg","width":414,"height":733,"caption":"Wolfgang T. M\u00fcller"},{"@type":"BreadcrumbList","@id":"https:\/\/wolfgang-theodor-mueller.com\/?page_id=56#breadcrumb","itemListElement":[{"@type":"ListItem","position":1,"name":"Home","item":"https:\/\/wolfgang-theodor-mueller.com\/"},{"@type":"ListItem","position":2,"name":"Vortr\u00e4ge"}]},{"@type":"WebSite","@id":"https:\/\/wolfgang-theodor-mueller.com\/#website","url":"https:\/\/wolfgang-theodor-mueller.com\/","name":"Wolfgang T. M\u00fcller","description":"Keynote-Speaker - Dozent - Lebenslehrer","potentialAction":[{"@type":"SearchAction","target":{"@type":"EntryPoint","urlTemplate":"https:\/\/wolfgang-theodor-mueller.com\/?s={search_term_string}"},"query-input":{"@type":"PropertyValueSpecification","valueRequired":true,"valueName":"search_term_string"}}],"inLanguage":"de"}]}},"_links":{"self":[{"href":"https:\/\/wolfgang-theodor-mueller.com\/index.php?rest_route=\/wp\/v2\/pages\/56","targetHints":{"allow":["GET"]}}],"collection":[{"href":"https:\/\/wolfgang-theodor-mueller.com\/index.php?rest_route=\/wp\/v2\/pages"}],"about":[{"href":"https:\/\/wolfgang-theodor-mueller.com\/index.php?rest_route=\/wp\/v2\/types\/page"}],"author":[{"embeddable":true,"href":"https:\/\/wolfgang-theodor-mueller.com\/index.php?rest_route=\/wp\/v2\/users\/1"}],"replies":[{"embeddable":true,"href":"https:\/\/wolfgang-theodor-mueller.com\/index.php?rest_route=%2Fwp%2Fv2%2Fcomments&post=56"}],"version-history":[{"count":16,"href":"https:\/\/wolfgang-theodor-mueller.com\/index.php?rest_route=\/wp\/v2\/pages\/56\/revisions"}],"predecessor-version":[{"id":367,"href":"https:\/\/wolfgang-theodor-mueller.com\/index.php?rest_route=\/wp\/v2\/pages\/56\/revisions\/367"}],"wp:attachment":[{"href":"https:\/\/wolfgang-theodor-mueller.com\/index.php?rest_route=%2Fwp%2Fv2%2Fmedia&parent=56"}],"curies":[{"name":"wp","href":"https:\/\/api.w.org\/{rel}","templated":true}]}}