{"id":40,"date":"2014-10-26T09:54:47","date_gmt":"2014-10-26T09:54:47","guid":{"rendered":"http:\/\/wolfgang-theodor-mueller.com\/?page_id=40"},"modified":"2019-12-04T16:14:24","modified_gmt":"2019-12-04T16:14:24","slug":"vita","status":"publish","type":"page","link":"https:\/\/wolfgang-theodor-mueller.com\/?page_id=40","title":{"rendered":"Vita"},"content":{"rendered":"<blockquote><p>&#8222;Was immer du tun kannst oder ertr\u00e4umst zu k\u00f6nnen, beginne es. K\u00fchnheit besitzt Genie, Macht und magische Kraft. Beginne es jetzt!&#8220; (Johann Wolfgang von Goethe)<\/p><\/blockquote>\n<p><strong>67 Jahre wandele ich nun schon auf dieser Erde&#8230;was so alles passiert ist!<\/strong><\/p>\n<p><img loading=\"lazy\" decoding=\"async\" class=\"alignright wp-image-44 size-medium\" src=\"https:\/\/wolfgang-theodor-mueller.com\/wp-content\/uploads\/2014\/10\/Kinderfoto-WolfgangTMueller1-296x300.jpg\" alt=\"Kinderfoto WolfgangT. Mueller\" width=\"296\" height=\"300\" srcset=\"https:\/\/wolfgang-theodor-mueller.com\/wp-content\/uploads\/2014\/10\/Kinderfoto-WolfgangTMueller1-296x300.jpg 296w, https:\/\/wolfgang-theodor-mueller.com\/wp-content\/uploads\/2014\/10\/Kinderfoto-WolfgangTMueller1.jpg 734w\" sizes=\"auto, (max-width: 296px) 100vw, 296px\" \/>Mein Name ist <strong>Wolfgang T. M\u00fcller. I<\/strong>ch wurde am 07.01.1952 in M\u00f6nchengladbach im Rheinland\u00a0(Deutschland) als \u00e4ltester von 4 Kindern geboren und habe sp\u00e4ter viele Jahre in der humorvollsten Stadt Europas, dem wundersch\u00f6nen K\u00f6ln, gelebt.<\/p>\n<p>Heute wohne und arbeite ich &#8211; nach einer 2-j\u00e4hrigen Stippvisite in Salzburg &#8211; in Pyhra-Wald nahe der nieder\u00f6sterreichischen Landeshauptstadt St. P\u00f6lten und bin mit Leib und Seele k\u00f6lscher Neu-\u00d6sterreicher geworden.<\/p>\n<p>In einem ehemaligen hochadeligen Herrensitz der Auersperg-Dynastie habe ich zusammen mit meiner Ehefrau\u00a0Silvia Martinek auf 440 qm Seminar- und Wohnfl\u00e4che und nahezu 4.000 qm Land einen meiner Lebenstr\u00e4ume realisieren k\u00f6nnen: Eine Europa-Akademie f\u00fcr Energiemedizin und alternative Heilweisen.<\/p>\n<p>Seit Kindheit an bin ich medial sehr empf\u00e4nglich. So behauptete zumindest\u00a0meine Mutter, welche\u00a0eine Seherin war.<\/p>\n<p>Nach einer Kaufmannslehre und anschlie\u00dfender Ausbildung zum staatl. gepr\u00fcften Betriebswirt, Fernstudium zum Werbegrafiker, zw\u00f6lfj\u00e4hrigem Dienst bei der Luftwaffe (Oberfeldwebel a.D.) und nach langen Jahren der Selbst\u00e4ndigkeit in diversen beratenden Berufen, insbesondere f\u00fcr den selbst\u00e4ndigen Mittelstand bin ich heute als Dozent, Ausbilder, Referent, Lebenslehrer (Life-Coach) und Keynote-Speaker\u00a0t\u00e4tig. Dar\u00fcber hinaus bin ich Buchautor, Journalist, Herausgeber und Filmproduzent diverser Dokumentarfilme.<\/p>\n<p>Meine vielen beruflich veranlassten Reisen in andere L\u00e4nder und Kulturen, insbesondere in den pazifischen Raum, lie\u00dfen mich mit vielen gro\u00dfen Lebenslehrern und Weisen\u00a0zusammentreffen, von denen ich lernen durfte.<\/p>\n<p>Doch die gr\u00f6\u00dften Lehrer f\u00fcr mich sind meine\u00a0Klienten, Seminarteilnehmer, Zuschauer und Zuh\u00f6rer, alle Menschen, die mir begegnen und denen ich begegnen durfte und meine Partnerin und Ehefrau Silvia.<\/p>\n<p><strong>Mein Hauptanliegen, meine Triebfeder in diesem Leben ist es, zu erkennen, warum wir so sind wie wir sind. Ich m\u00f6chte die universellen Lebensgesetze nicht nur verstehen und anwenden k\u00f6nnen, sondern diese auch vermitteln d\u00fcrfen.<\/strong><\/p>\n<p>Seit Jahren stehe ich deshalb\u00a0den Menschen zur Verf\u00fcgung, die ein bewusstes Leben im Einklang mit sich selbst und allem, was uns umgibt, f\u00fchren m\u00f6chten.<\/p>\n<p>Am besten lasse ich mich beschreiben mit: &#8222;<strong>Neugierig auf alles und jeden<\/strong>&#8222;. Ich habe soviele Interessen, W\u00fcnsche, Pl\u00e4ne, dass ich entweder \u00fcber 100 Jahre alt werden oder mindestens noch zweimal wiedergeboren werden muss.<\/p>\n<p><!--more--><\/p>\n<p><strong>Mein spannender, bisheriger Lebensweg (jetzt geht es in die Tiefe):<\/strong><\/p>\n<p>Als Rheinl\u00e4nder in M\u00f6nchengladbach und als \u00c4ltester von 4 Kindern in einer Arbeiterfamilie aufgewachsen, bereits mit 8 Jahren Zeitungen ausgetragen, Volksschulabschluss mit 8 Schuljahren, mit 13 Jahre in die Lehre zum Einzelhandelskaufmann (Lebensmittel) nach D\u00fcsseldorf (Otto Mess), danach Stippvisiten als Verk\u00e4ufer bei Aldi (damals noch Albrecht) und Realkauf. Ebenfalls im Alter von\u00a013 Jahren f\u00fcr \u00fcber ein Jahr Vaterersatz f\u00fcr meine j\u00fcngeren Geschwister, da mein Vater aufgrund eines schweren Unfalls sehr lange\u00a0im Krankenhaus lag. Von meinem 17. bis 25. Lebensjahr nebenberuflich Discjockey (damals noch mit Vinylscheiben) in verschiedenen Clubs im Rheinland. Mit 18 Jahren freiwillig zur Luftwaffe f\u00fcr 12 Jahre. Mit 19 Jahren meine erste Frau geheiratet. Mit 20 Jahren schon j\u00fcngster Feldwebel der Luftwaffe, Lehrgangsbester bei der luftwaffeninternen Ausbildung zum staatl. gepr. Betriebswirt. Nebenberuflicher Versicherungsvertreter f\u00fcr die Allianz Versicherung. Nebenbei als Autodidakt im Fernlehrstudium (\u00fcber 5 Jahren) Parallel-Ausbildung zum Werbegrafiker. Noch w\u00e4hrend der Bundeswehrzeit Gr\u00fcndung einer nebenberuflichen Werbeagentur. Wehrdienstzeitende als Oberfeldwebel a.D. Nach der Bundeswehrzeit Auswanderungspl\u00e4ne nach Lanzarote, dann doch in Deutschland geblieben wegen famili\u00e4ren Widerstandes, zun\u00e4chst lustlose Jobannahme bei der Versicherungsgesellschaft DEVK als Versicherungsinspektor, binnen k\u00fcrzester Zeit jedoch zum bundesweiten Top-Verk\u00e4ufer aufgestiegen mit vielen Auszeichnungen. Folgerichtig danach v\u00f6llige Selbst\u00e4ndigkeit als Versicherungsmakler in K\u00f6ln. Immer mehr gewerbliche Gro\u00dfkunden aus der Wirtschaft, insbesondere nach dem Mauerfall. War gleichzeitig oft pers\u00f6nlicher Berater und Vertrauter der Firmenchefs in werblichen sowie in privaten Angelegenheiten.<\/p>\n<p>1995 erfolgte die Trennung von meiner ersten Ehefrau nach rund 23 Jahren Ehe, dadurch auch Konkurs der gemeinschaftlich gef\u00fchrten Versicherungs-GmbH (je 50 % Anteile). V\u00f6lliger Burnout.\u00a0Ern\u00e4hrte mich nur noch von Aspirin und Kaffee. Schweres Bronchialasthma, diverse Allergien, st\u00e4ndige Kopfschmerzen,\u00a0Wegfall der wirtschaftlichen und\u00a0sozialen Sicherung. Tiefer gings nicht mehr. Heftiges Wiedererwachen meiner Medialit\u00e4t, die ich \u00fcber 25 Jahren gedeckelt hatte, da sowohl meine Familie als auch\u00a0meine erste Frau meine hellwissenden F\u00e4higkeiten\u00a0strikt ablehnte und Angst davor hatte.<br \/>\nNoch im gleichen Jahr\u00a0Neubeginn im Internet mit verschiedenen Internetplattformen, welches\u00a0zu dieser Zeit gerade in Deutschland bekannt wurde.<br \/>\nIn 1995 Gr\u00fcndung einer Lebensgemeinschaft mit meiner k\u00fcnftigen 2. Ehefrau. Initiierung und verantwortliche Umsetzung und Realisierung der ersten Internet-Versicherungsmakler-Agentur. Sehr schnell bundesweit \u00fcber 8.000 Versicherungskunden nur \u00fcber das Internet,\u00a0Initiierung eines sehr erfolgreichen Maklerpools, Initiator von sogenannten Datensatz-B\u00f6rsen, Ab 1996 Besuch vieler spiritueller, esoterischer und mentaler Veranstaltungen, Weiterbildung auf diesem Gebiet.<br \/>\nAutor und Herausgeber des ersten Sach- und Ratgeber-Buches &#8222;Versicherungen im Internet&#8220;.<br \/>\n2001: Erste Reise nach Hawaii (Hochzeitsreise &#8211; auf Hawaii traditionell geheiratet), Schwimmen mit wilden Delfinen. In 2002 erste Kreuzfahrt mit der MS Arkona, Es folgen bis heute regelm\u00e4\u00dfige Engagements auf allen deutschen Kreuzfahrtschiffen wie die MS Europa, MS Astor, MS Astoria, TS Maxim Gorki, MS Amadea, MS Artania als landeskundlicher Lektor und Kursleiter f\u00fcr Kunst, Kultur und Ethnologie.<br \/>\nIn 2003 Umzug von K\u00f6ln an den westlichen Bodensee. Regelm\u00e4\u00dfige Reisen in die S\u00fcdsee. Hawaii-Experte geworden. Gr\u00fcndung des Musik- und Video-Labels &#8222;Lanakila Records&#8220;.<br \/>\nIn 2007 Realisierung meines Wunschprojektes &#8222;Heiler-Portal&#8220;, zwischenzeitlich aus Zeitgr\u00fcnden wieder aufgegeben.<br \/>\nAb 2008 Interview-Tour zu \u00fcber 50 deutschsprachigen Heilern f\u00fcr mein neues Projekt, dem Dokumentarfilm &#8222;Die Heiler &#8211; der Film&#8220;, welche im Januar 2012 das Licht der Welt in Form einer Dokumentar-DVD erblickte.<br \/>\nIm April 2010 Er\u00f6ffnung meines HEILZENTRUM BODENSEE direkt in \u00dcberlingen, Praxis f\u00fcr Geistheilung und Seminarzentrum f\u00fcr geistiges Heilen sowie f\u00fcr die von mir entwickelte Q-MATRIX-HEALING &#8211; Heiltechnik.<br \/>\nIm April\u00a02010 erfolgte zeitgleich die Trennung von meiner 2. Frau, die Scheidung erfolgte im Januar 2011. Im Mai 2011 erfolgte\u00a0die \u00dcbersiedlung nach\u00a0\u00d6sterreich, zugleich verlegte ich den Standort meines Heilzentrums von \u00dcberlingen nach Salzburg. In 2012 fand ich mit meiner neuen Lebenspartnerin Silvia Martinek ein gro\u00dfes Anwesen in Pyhra \/ Nieder\u00f6sterreich. Wir siedelten dorthin um und richteten uns auf \u00fcber 450 qm \/ Wohnfl\u00e4che und auf rund 4.000 qm Grundst\u00fccksfl\u00e4che mitten in \u00fcberbordender Natur nahe St. P\u00f6lten und Wien unsere neue <a href=\"http:\/\/www.heilerakademie.eu\" target=\"_blank\" rel=\"noopener noreferrer\">Heilerakademie mit Heilpraxis<\/a> ein. Wir leben auch dort. Im Dezember 2013 haben wir geheiratet.<\/p>\n<p>Mittlerweile habe ich \u00fcber 8 Dokumentarfilme aus dem spirituellen und alternativmedizinischen Bereich als Produzent und Regisseur mit meiner Firma <a href=\"http:\/\/www.lanakilafilm.com\/\" target=\"_blank\" rel=\"noopener noreferrer\">LANAKILA FILM<\/a> realisiert, 4 CDs produziert, B\u00fccher herausgegeben, lektoriert und geschrieben sowie einen eigenen Vertrieb mit <a href=\"http:\/\/www.makani-multimedia.com\/\" target=\"_blank\" rel=\"noopener noreferrer\">MAKANI MULTIMEDIA<\/a>\u00a0und<a href=\"http:\/\/www.spirituelles-portal.com\" target=\"_blank\" rel=\"noopener noreferrer\"> SPIRITUELLES PORTAL<\/a> gegr\u00fcndet. Und es geht weiter&#8230;.immer weiter mit diesem grandios spannenden Leben.<\/p>\n<p>Dar\u00fcber bin ich nun schon 64 Jahre jung geworden und habe vor, noch eine ganze, ganze Weile hierzubleiben auf diesem Planeten namens Paradies.<\/p>\n<p>F\u00fcr mich ist es definitiv kein Widerspruch, im Wohlstand zu leben und sich dennoch &#8222;auf den Weg&#8220; zu machen.<\/p>\n<p>Bin \u00fcber Scherben und gl\u00fchende Kohlen gelaufen und habe L\u00f6ffel verbogen.<br \/>\nDar\u00fcber hinaus bin ich Meister der Manifestation.<\/p>\n<p><strong>Heute bin ich als Lebenslehrer, Referent, Ausbilder \u00a0und Life-Coach t\u00e4tig.<br \/>\n<\/strong><br \/>\nWie schon am Anfang gesagt: Extrem vielseitig interessiert.<\/p>\n<p>Meine derzeitigen, zu realisierenden privaten &#8222;W\u00fcnsche&#8220;, die ja l\u00e4ngst schon da sind und sich nur noch nicht manifestiert haben:<\/p>\n<ul>\n<li>Ich werde mindestens 111 Jahre alt und dabei bis zum Schluss geistig und k\u00f6rperlich fit sein und ganz einfach, wenn der Zeitpunkt aus h\u00f6herer Sicht gekommen ist, friedlich \u00fcber Nacht meinen K\u00f6rper verlassen.<\/li>\n<li>Ich\u00a0werde einmal eine ganze Weltreise an einem St\u00fcck von rund 5 bis 6 Monaten auf einem Luxus-Kreuzfahrtschiff verbringen.<\/li>\n<li>Ich werde an einem Segelt\u00f6rn in Polynesien teilnehmen<\/li>\n<li>F\u00fcr ein halbes Jahr auf eine S\u00fcdsee-Insel mit Internetanschluss gehen und dort meine B\u00fccher schreiben<\/li>\n<li>bis unendlich&#8230;.wer wei\u00df, was mir morgen beim Duschen alles so einf\u00e4llt.<\/li>\n<\/ul>\n<p>Ich denke, damit alles Wissenswerte \u00fcber mich gesagt zu haben. Mehr dazu nur im pers\u00f6nlichen Gespr\u00e4ch unter neuen, guten Freunden.<\/p>\n","protected":false},"excerpt":{"rendered":"<p>&#8222;Was immer du tun kannst oder ertr\u00e4umst zu k\u00f6nnen, beginne es. K\u00fchnheit besitzt Genie, Macht und magische Kraft. Beginne es jetzt!&#8220; (Johann Wolfgang von Goethe) 67 Jahre wandele ich nun&#8230; <a class=\"read-more-button\" href=\"https:\/\/wolfgang-theodor-mueller.com\/?page_id=40\">Mehr Lesen &gt;<\/a><\/p>\n","protected":false},"author":1,"featured_media":0,"parent":0,"menu_order":0,"comment_status":"closed","ping_status":"closed","template":"","meta":{"footnotes":""},"class_list":["post-40","page","type-page","status-publish","hentry"],"yoast_head":"<!-- This site is optimized with the Yoast SEO plugin v27.3 - https:\/\/yoast.com\/product\/yoast-seo-wordpress\/ -->\n<title>Vita - Wolfgang T. M\u00fcller<\/title>\n<meta name=\"description\" content=\"Vita Wolfgang T. M\u00fcller\" \/>\n<meta name=\"robots\" content=\"index, follow, max-snippet:-1, max-image-preview:large, max-video-preview:-1\" \/>\n<link rel=\"canonical\" href=\"https:\/\/wolfgang-theodor-mueller.com\/?page_id=40\" \/>\n<meta property=\"og:locale\" content=\"de_DE\" \/>\n<meta property=\"og:type\" content=\"article\" \/>\n<meta property=\"og:title\" content=\"Vita - Wolfgang T. M\u00fcller\" \/>\n<meta property=\"og:description\" content=\"Vita Wolfgang T. M\u00fcller\" \/>\n<meta property=\"og:url\" content=\"https:\/\/wolfgang-theodor-mueller.com\/?page_id=40\" \/>\n<meta property=\"og:site_name\" content=\"Wolfgang T. M\u00fcller\" \/>\n<meta property=\"article:modified_time\" content=\"2019-12-04T16:14:24+00:00\" \/>\n<meta property=\"og:image\" content=\"https:\/\/wolfgang-theodor-mueller.com\/wp-content\/uploads\/2014\/10\/Kinderfoto-WolfgangTMueller1-296x300.jpg\" \/>\n<meta name=\"twitter:label1\" content=\"Gesch\u00e4tzte Lesezeit\" \/>\n\t<meta name=\"twitter:data1\" content=\"7\u00a0Minuten\" \/>\n<script type=\"application\/ld+json\" class=\"yoast-schema-graph\">{\"@context\":\"https:\\\/\\\/schema.org\",\"@graph\":[{\"@type\":\"WebPage\",\"@id\":\"https:\\\/\\\/wolfgang-theodor-mueller.com\\\/?page_id=40\",\"url\":\"https:\\\/\\\/wolfgang-theodor-mueller.com\\\/?page_id=40\",\"name\":\"Vita - Wolfgang T. M\u00fcller\",\"isPartOf\":{\"@id\":\"https:\\\/\\\/wolfgang-theodor-mueller.com\\\/#website\"},\"primaryImageOfPage\":{\"@id\":\"https:\\\/\\\/wolfgang-theodor-mueller.com\\\/?page_id=40#primaryimage\"},\"image\":{\"@id\":\"https:\\\/\\\/wolfgang-theodor-mueller.com\\\/?page_id=40#primaryimage\"},\"thumbnailUrl\":\"https:\\\/\\\/wolfgang-theodor-mueller.com\\\/wp-content\\\/uploads\\\/2014\\\/10\\\/Kinderfoto-WolfgangTMueller1-296x300.jpg\",\"datePublished\":\"2014-10-26T09:54:47+00:00\",\"dateModified\":\"2019-12-04T16:14:24+00:00\",\"description\":\"Vita Wolfgang T. M\u00fcller\",\"breadcrumb\":{\"@id\":\"https:\\\/\\\/wolfgang-theodor-mueller.com\\\/?page_id=40#breadcrumb\"},\"inLanguage\":\"de\",\"potentialAction\":[{\"@type\":\"ReadAction\",\"target\":[\"https:\\\/\\\/wolfgang-theodor-mueller.com\\\/?page_id=40\"]}]},{\"@type\":\"ImageObject\",\"inLanguage\":\"de\",\"@id\":\"https:\\\/\\\/wolfgang-theodor-mueller.com\\\/?page_id=40#primaryimage\",\"url\":\"https:\\\/\\\/wolfgang-theodor-mueller.com\\\/wp-content\\\/uploads\\\/2014\\\/10\\\/Kinderfoto-WolfgangTMueller1.jpg\",\"contentUrl\":\"https:\\\/\\\/wolfgang-theodor-mueller.com\\\/wp-content\\\/uploads\\\/2014\\\/10\\\/Kinderfoto-WolfgangTMueller1.jpg\",\"width\":734,\"height\":742},{\"@type\":\"BreadcrumbList\",\"@id\":\"https:\\\/\\\/wolfgang-theodor-mueller.com\\\/?page_id=40#breadcrumb\",\"itemListElement\":[{\"@type\":\"ListItem\",\"position\":1,\"name\":\"Home\",\"item\":\"https:\\\/\\\/wolfgang-theodor-mueller.com\\\/\"},{\"@type\":\"ListItem\",\"position\":2,\"name\":\"Vita\"}]},{\"@type\":\"WebSite\",\"@id\":\"https:\\\/\\\/wolfgang-theodor-mueller.com\\\/#website\",\"url\":\"https:\\\/\\\/wolfgang-theodor-mueller.com\\\/\",\"name\":\"Wolfgang T. M\u00fcller\",\"description\":\"Keynote-Speaker - Dozent - Lebenslehrer\",\"potentialAction\":[{\"@type\":\"SearchAction\",\"target\":{\"@type\":\"EntryPoint\",\"urlTemplate\":\"https:\\\/\\\/wolfgang-theodor-mueller.com\\\/?s={search_term_string}\"},\"query-input\":{\"@type\":\"PropertyValueSpecification\",\"valueRequired\":true,\"valueName\":\"search_term_string\"}}],\"inLanguage\":\"de\"}]}<\/script>\n<!-- \/ Yoast SEO plugin. -->","yoast_head_json":{"title":"Vita - Wolfgang T. M\u00fcller","description":"Vita Wolfgang T. M\u00fcller","robots":{"index":"index","follow":"follow","max-snippet":"max-snippet:-1","max-image-preview":"max-image-preview:large","max-video-preview":"max-video-preview:-1"},"canonical":"https:\/\/wolfgang-theodor-mueller.com\/?page_id=40","og_locale":"de_DE","og_type":"article","og_title":"Vita - Wolfgang T. M\u00fcller","og_description":"Vita Wolfgang T. M\u00fcller","og_url":"https:\/\/wolfgang-theodor-mueller.com\/?page_id=40","og_site_name":"Wolfgang T. M\u00fcller","article_modified_time":"2019-12-04T16:14:24+00:00","og_image":[{"url":"https:\/\/wolfgang-theodor-mueller.com\/wp-content\/uploads\/2014\/10\/Kinderfoto-WolfgangTMueller1-296x300.jpg","type":"","width":"","height":""}],"twitter_misc":{"Gesch\u00e4tzte Lesezeit":"7\u00a0Minuten"},"schema":{"@context":"https:\/\/schema.org","@graph":[{"@type":"WebPage","@id":"https:\/\/wolfgang-theodor-mueller.com\/?page_id=40","url":"https:\/\/wolfgang-theodor-mueller.com\/?page_id=40","name":"Vita - Wolfgang T. M\u00fcller","isPartOf":{"@id":"https:\/\/wolfgang-theodor-mueller.com\/#website"},"primaryImageOfPage":{"@id":"https:\/\/wolfgang-theodor-mueller.com\/?page_id=40#primaryimage"},"image":{"@id":"https:\/\/wolfgang-theodor-mueller.com\/?page_id=40#primaryimage"},"thumbnailUrl":"https:\/\/wolfgang-theodor-mueller.com\/wp-content\/uploads\/2014\/10\/Kinderfoto-WolfgangTMueller1-296x300.jpg","datePublished":"2014-10-26T09:54:47+00:00","dateModified":"2019-12-04T16:14:24+00:00","description":"Vita Wolfgang T. M\u00fcller","breadcrumb":{"@id":"https:\/\/wolfgang-theodor-mueller.com\/?page_id=40#breadcrumb"},"inLanguage":"de","potentialAction":[{"@type":"ReadAction","target":["https:\/\/wolfgang-theodor-mueller.com\/?page_id=40"]}]},{"@type":"ImageObject","inLanguage":"de","@id":"https:\/\/wolfgang-theodor-mueller.com\/?page_id=40#primaryimage","url":"https:\/\/wolfgang-theodor-mueller.com\/wp-content\/uploads\/2014\/10\/Kinderfoto-WolfgangTMueller1.jpg","contentUrl":"https:\/\/wolfgang-theodor-mueller.com\/wp-content\/uploads\/2014\/10\/Kinderfoto-WolfgangTMueller1.jpg","width":734,"height":742},{"@type":"BreadcrumbList","@id":"https:\/\/wolfgang-theodor-mueller.com\/?page_id=40#breadcrumb","itemListElement":[{"@type":"ListItem","position":1,"name":"Home","item":"https:\/\/wolfgang-theodor-mueller.com\/"},{"@type":"ListItem","position":2,"name":"Vita"}]},{"@type":"WebSite","@id":"https:\/\/wolfgang-theodor-mueller.com\/#website","url":"https:\/\/wolfgang-theodor-mueller.com\/","name":"Wolfgang T. M\u00fcller","description":"Keynote-Speaker - Dozent - Lebenslehrer","potentialAction":[{"@type":"SearchAction","target":{"@type":"EntryPoint","urlTemplate":"https:\/\/wolfgang-theodor-mueller.com\/?s={search_term_string}"},"query-input":{"@type":"PropertyValueSpecification","valueRequired":true,"valueName":"search_term_string"}}],"inLanguage":"de"}]}},"_links":{"self":[{"href":"https:\/\/wolfgang-theodor-mueller.com\/index.php?rest_route=\/wp\/v2\/pages\/40","targetHints":{"allow":["GET"]}}],"collection":[{"href":"https:\/\/wolfgang-theodor-mueller.com\/index.php?rest_route=\/wp\/v2\/pages"}],"about":[{"href":"https:\/\/wolfgang-theodor-mueller.com\/index.php?rest_route=\/wp\/v2\/types\/page"}],"author":[{"embeddable":true,"href":"https:\/\/wolfgang-theodor-mueller.com\/index.php?rest_route=\/wp\/v2\/users\/1"}],"replies":[{"embeddable":true,"href":"https:\/\/wolfgang-theodor-mueller.com\/index.php?rest_route=%2Fwp%2Fv2%2Fcomments&post=40"}],"version-history":[{"count":22,"href":"https:\/\/wolfgang-theodor-mueller.com\/index.php?rest_route=\/wp\/v2\/pages\/40\/revisions"}],"predecessor-version":[{"id":370,"href":"https:\/\/wolfgang-theodor-mueller.com\/index.php?rest_route=\/wp\/v2\/pages\/40\/revisions\/370"}],"wp:attachment":[{"href":"https:\/\/wolfgang-theodor-mueller.com\/index.php?rest_route=%2Fwp%2Fv2%2Fmedia&parent=40"}],"curies":[{"name":"wp","href":"https:\/\/api.w.org\/{rel}","templated":true}]}}