{"id":227,"date":"2014-12-28T18:32:23","date_gmt":"2014-12-28T18:32:23","guid":{"rendered":"http:\/\/wolfgang-theodor-mueller.com\/?page_id=227"},"modified":"2014-12-28T19:10:51","modified_gmt":"2014-12-28T19:10:51","slug":"videos-2","status":"publish","type":"page","link":"https:\/\/wolfgang-theodor-mueller.com\/?page_id=227","title":{"rendered":"Videos &#038; more&#8230;"},"content":{"rendered":"<div id=\"attachment_238\" style=\"width: 310px\" class=\"wp-caption alignright\"><a href=\"https:\/\/wolfgang-theodor-mueller.com\/wp-content\/uploads\/2014\/12\/Wolfgang-T.-M\u00fcller-01.png\"><img loading=\"lazy\" decoding=\"async\" aria-describedby=\"caption-attachment-238\" class=\"size-medium wp-image-238\" src=\"https:\/\/wolfgang-theodor-mueller.com\/wp-content\/uploads\/2014\/12\/Wolfgang-T.-M\u00fcller-01-300x169.png\" alt=\"Wolfgang T. M\u00fcller in einem Interview \u00fcber Selbstheilungsmethoden\" width=\"300\" height=\"169\" srcset=\"https:\/\/wolfgang-theodor-mueller.com\/wp-content\/uploads\/2014\/12\/Wolfgang-T.-M\u00fcller-01-300x169.png 300w, https:\/\/wolfgang-theodor-mueller.com\/wp-content\/uploads\/2014\/12\/Wolfgang-T.-M\u00fcller-01-1024x578.png 1024w, https:\/\/wolfgang-theodor-mueller.com\/wp-content\/uploads\/2014\/12\/Wolfgang-T.-M\u00fcller-01-980x553.png 980w, https:\/\/wolfgang-theodor-mueller.com\/wp-content\/uploads\/2014\/12\/Wolfgang-T.-M\u00fcller-01.png 1490w\" sizes=\"auto, (max-width: 300px) 100vw, 300px\" \/><\/a><p id=\"caption-attachment-238\" class=\"wp-caption-text\">Wolfgang T. M\u00fcller in einem Interview \u00fcber Selbstheilungsmethoden<\/p><\/div>\n<h1>Willkommen auf meiner Video-Seite.<\/h1>\n<p>Sie gelangen hier\u00fcber durch eine einmalige Email-Anmeldung als interner Benutzer\u00a0zu meiner Video-Sammlung bisheriger Video-Dokumentationen, die teilweise noch unver\u00f6ffentlicht und nur meinem Fan-Kreis zug\u00e4nglich sind.<\/p>\n<p>Es sind zum Teil Live-Mitschnitte meiner Vortr\u00e4ge und Seminare als auch befreundeter Kollegen und Experten.<\/p>\n<p>Als angemeldetes Fan-Mitglied erhalten Sie alle diese Video-Dokumentationen nat\u00fcrlich v\u00f6llig kostenfrei.<\/p>\n<h2>Los geht&#8217;s:<\/h2>\n<p><strong>Bitte tragen Sie<span style=\"color: #ff0000;\">\u00a0rechts im Newsletter-Formularfeld oder weiter unten<\/span><\/strong> Ihren <strong>Vornamen<\/strong>, <strong>Familiennamen<\/strong> sowie Ihre korrekte <strong>Email-Adresse<\/strong> ein und senden Sie dieses Formular ab. Sie erhalten in Ihrem Email-Account binnen weniger Minuten (bitte auch im SPAM-Filter nachschauen) eine Best\u00e4tigungs-Email mit der Bitte, den darin angegebenen Link zu best\u00e4tigen (&#8222;double opt in&#8220;-Verfahren). Dadurch ist sicher gestellt, dass nicht jemand anderer ohne Ihr Wissen und Wollen Ihre\u00a0Email-Adresse eingetragen hat. Danach\u00a0werden Sie zu meiner Homepage geleitet; es \u00f6ffnet sich ein Popup-Fenster, indem der Link zu meiner Newsletter-Begr\u00fc\u00dfungs-Seite angezeigt wird, in der Sie dann\u00a0Ihre Videoclips\u00a0zum direkten Anschauen finden.<\/p>\n<p><em>Mit dem Absenden Ihrer Emailadresse erkennen Sie die AGBs und die Datenschutzbestimmungen an und sind auch damit einverstanden, dass ich\u00a0Ihnen bis auf Ihren Widerruf durch einfaches Abmelden Informationen \u00fcber mich und meine T\u00e4tigkeiten zusenden darf (Infos zu Seminaren, Workshops, Ver\u00f6ffentlichungen etc.).<\/em><\/p>\n","protected":false},"excerpt":{"rendered":"<p>Willkommen auf meiner Video-Seite. Sie gelangen hier\u00fcber durch eine einmalige Email-Anmeldung als interner Benutzer\u00a0zu meiner Video-Sammlung bisheriger Video-Dokumentationen, die teilweise noch unver\u00f6ffentlicht und nur meinem Fan-Kreis zug\u00e4nglich sind. Es sind&#8230; <a class=\"read-more-button\" href=\"https:\/\/wolfgang-theodor-mueller.com\/?page_id=227\">Mehr Lesen &gt;<\/a><\/p>\n","protected":false},"author":1,"featured_media":0,"parent":0,"menu_order":0,"comment_status":"closed","ping_status":"closed","template":"","meta":{"footnotes":""},"class_list":["post-227","page","type-page","status-publish","hentry"],"yoast_head":"<!-- This site is optimized with the Yoast SEO plugin v27.4 - https:\/\/yoast.com\/product\/yoast-seo-wordpress\/ -->\n<title>Videos &amp; more... - Wolfgang T. M\u00fcller<\/title>\n<meta name=\"robots\" content=\"index, follow, max-snippet:-1, max-image-preview:large, max-video-preview:-1\" \/>\n<link rel=\"canonical\" href=\"https:\/\/wolfgang-theodor-mueller.com\/?page_id=227\" \/>\n<meta property=\"og:locale\" content=\"de_DE\" \/>\n<meta property=\"og:type\" content=\"article\" \/>\n<meta property=\"og:title\" content=\"Videos &amp; more... - Wolfgang T. M\u00fcller\" \/>\n<meta property=\"og:description\" content=\"Willkommen auf meiner Video-Seite. Sie gelangen hier\u00fcber durch eine einmalige Email-Anmeldung als interner Benutzer\u00a0zu meiner Video-Sammlung bisheriger Video-Dokumentationen, die teilweise noch unver\u00f6ffentlicht und nur meinem Fan-Kreis zug\u00e4nglich sind. Es sind... Mehr Lesen &gt;\" \/>\n<meta property=\"og:url\" content=\"https:\/\/wolfgang-theodor-mueller.com\/?page_id=227\" \/>\n<meta property=\"og:site_name\" content=\"Wolfgang T. M\u00fcller\" \/>\n<meta property=\"article:modified_time\" content=\"2014-12-28T19:10:51+00:00\" \/>\n<meta property=\"og:image\" content=\"https:\/\/wolfgang-theodor-mueller.com\/wp-content\/uploads\/2014\/12\/Wolfgang-T.-M\u00fcller-01-300x169.png\" \/>\n<meta name=\"twitter:label1\" content=\"Gesch\u00e4tzte Lesezeit\" \/>\n\t<meta name=\"twitter:data1\" content=\"1\u00a0Minute\" \/>\n<script type=\"application\/ld+json\" class=\"yoast-schema-graph\">{\"@context\":\"https:\\\/\\\/schema.org\",\"@graph\":[{\"@type\":\"WebPage\",\"@id\":\"https:\\\/\\\/wolfgang-theodor-mueller.com\\\/?page_id=227\",\"url\":\"https:\\\/\\\/wolfgang-theodor-mueller.com\\\/?page_id=227\",\"name\":\"Videos & more... - Wolfgang T. M\u00fcller\",\"isPartOf\":{\"@id\":\"https:\\\/\\\/wolfgang-theodor-mueller.com\\\/#website\"},\"datePublished\":\"2014-12-28T18:32:23+00:00\",\"dateModified\":\"2014-12-28T19:10:51+00:00\",\"breadcrumb\":{\"@id\":\"https:\\\/\\\/wolfgang-theodor-mueller.com\\\/?page_id=227#breadcrumb\"},\"inLanguage\":\"de\",\"potentialAction\":[{\"@type\":\"ReadAction\",\"target\":[\"https:\\\/\\\/wolfgang-theodor-mueller.com\\\/?page_id=227\"]}]},{\"@type\":\"BreadcrumbList\",\"@id\":\"https:\\\/\\\/wolfgang-theodor-mueller.com\\\/?page_id=227#breadcrumb\",\"itemListElement\":[{\"@type\":\"ListItem\",\"position\":1,\"name\":\"Home\",\"item\":\"https:\\\/\\\/wolfgang-theodor-mueller.com\\\/\"},{\"@type\":\"ListItem\",\"position\":2,\"name\":\"Videos &#038; more&#8230;\"}]},{\"@type\":\"WebSite\",\"@id\":\"https:\\\/\\\/wolfgang-theodor-mueller.com\\\/#website\",\"url\":\"https:\\\/\\\/wolfgang-theodor-mueller.com\\\/\",\"name\":\"Wolfgang T. M\u00fcller\",\"description\":\"Keynote-Speaker - Dozent - Lebenslehrer\",\"potentialAction\":[{\"@type\":\"SearchAction\",\"target\":{\"@type\":\"EntryPoint\",\"urlTemplate\":\"https:\\\/\\\/wolfgang-theodor-mueller.com\\\/?s={search_term_string}\"},\"query-input\":{\"@type\":\"PropertyValueSpecification\",\"valueRequired\":true,\"valueName\":\"search_term_string\"}}],\"inLanguage\":\"de\"}]}<\/script>\n<!-- \/ Yoast SEO plugin. -->","yoast_head_json":{"title":"Videos & more... - Wolfgang T. M\u00fcller","robots":{"index":"index","follow":"follow","max-snippet":"max-snippet:-1","max-image-preview":"max-image-preview:large","max-video-preview":"max-video-preview:-1"},"canonical":"https:\/\/wolfgang-theodor-mueller.com\/?page_id=227","og_locale":"de_DE","og_type":"article","og_title":"Videos & more... - Wolfgang T. M\u00fcller","og_description":"Willkommen auf meiner Video-Seite. Sie gelangen hier\u00fcber durch eine einmalige Email-Anmeldung als interner Benutzer\u00a0zu meiner Video-Sammlung bisheriger Video-Dokumentationen, die teilweise noch unver\u00f6ffentlicht und nur meinem Fan-Kreis zug\u00e4nglich sind. Es sind... Mehr Lesen &gt;","og_url":"https:\/\/wolfgang-theodor-mueller.com\/?page_id=227","og_site_name":"Wolfgang T. M\u00fcller","article_modified_time":"2014-12-28T19:10:51+00:00","og_image":[{"url":"https:\/\/wolfgang-theodor-mueller.com\/wp-content\/uploads\/2014\/12\/Wolfgang-T.-M\u00fcller-01-300x169.png","type":"","width":"","height":""}],"twitter_misc":{"Gesch\u00e4tzte Lesezeit":"1\u00a0Minute"},"schema":{"@context":"https:\/\/schema.org","@graph":[{"@type":"WebPage","@id":"https:\/\/wolfgang-theodor-mueller.com\/?page_id=227","url":"https:\/\/wolfgang-theodor-mueller.com\/?page_id=227","name":"Videos & more... - Wolfgang T. M\u00fcller","isPartOf":{"@id":"https:\/\/wolfgang-theodor-mueller.com\/#website"},"datePublished":"2014-12-28T18:32:23+00:00","dateModified":"2014-12-28T19:10:51+00:00","breadcrumb":{"@id":"https:\/\/wolfgang-theodor-mueller.com\/?page_id=227#breadcrumb"},"inLanguage":"de","potentialAction":[{"@type":"ReadAction","target":["https:\/\/wolfgang-theodor-mueller.com\/?page_id=227"]}]},{"@type":"BreadcrumbList","@id":"https:\/\/wolfgang-theodor-mueller.com\/?page_id=227#breadcrumb","itemListElement":[{"@type":"ListItem","position":1,"name":"Home","item":"https:\/\/wolfgang-theodor-mueller.com\/"},{"@type":"ListItem","position":2,"name":"Videos &#038; more&#8230;"}]},{"@type":"WebSite","@id":"https:\/\/wolfgang-theodor-mueller.com\/#website","url":"https:\/\/wolfgang-theodor-mueller.com\/","name":"Wolfgang T. M\u00fcller","description":"Keynote-Speaker - Dozent - Lebenslehrer","potentialAction":[{"@type":"SearchAction","target":{"@type":"EntryPoint","urlTemplate":"https:\/\/wolfgang-theodor-mueller.com\/?s={search_term_string}"},"query-input":{"@type":"PropertyValueSpecification","valueRequired":true,"valueName":"search_term_string"}}],"inLanguage":"de"}]}},"_links":{"self":[{"href":"https:\/\/wolfgang-theodor-mueller.com\/index.php?rest_route=\/wp\/v2\/pages\/227","targetHints":{"allow":["GET"]}}],"collection":[{"href":"https:\/\/wolfgang-theodor-mueller.com\/index.php?rest_route=\/wp\/v2\/pages"}],"about":[{"href":"https:\/\/wolfgang-theodor-mueller.com\/index.php?rest_route=\/wp\/v2\/types\/page"}],"author":[{"embeddable":true,"href":"https:\/\/wolfgang-theodor-mueller.com\/index.php?rest_route=\/wp\/v2\/users\/1"}],"replies":[{"embeddable":true,"href":"https:\/\/wolfgang-theodor-mueller.com\/index.php?rest_route=%2Fwp%2Fv2%2Fcomments&post=227"}],"version-history":[{"count":5,"href":"https:\/\/wolfgang-theodor-mueller.com\/index.php?rest_route=\/wp\/v2\/pages\/227\/revisions"}],"predecessor-version":[{"id":243,"href":"https:\/\/wolfgang-theodor-mueller.com\/index.php?rest_route=\/wp\/v2\/pages\/227\/revisions\/243"}],"wp:attachment":[{"href":"https:\/\/wolfgang-theodor-mueller.com\/index.php?rest_route=%2Fwp%2Fv2%2Fmedia&parent=227"}],"curies":[{"name":"wp","href":"https:\/\/api.w.org\/{rel}","templated":true}]}}