{"id":2,"date":"2014-10-20T16:08:14","date_gmt":"2014-10-20T16:08:14","guid":{"rendered":"http:\/\/wolfgang-theodor-mueller.com\/?page_id=2"},"modified":"2014-12-04T10:45:10","modified_gmt":"2014-12-04T10:45:10","slug":"sample-page","status":"publish","type":"page","link":"https:\/\/wolfgang-theodor-mueller.com\/?page_id=2","title":{"rendered":"Live is life&#8230;"},"content":{"rendered":"<p><strong><a href=\"https:\/\/wolfgang-theodor-mueller.com\/wp-content\/uploads\/2014\/10\/DSC8770-1.jpg\"><img loading=\"lazy\" decoding=\"async\" class=\"alignright wp-image-29 size-medium\" src=\"https:\/\/wolfgang-theodor-mueller.com\/wp-content\/uploads\/2014\/10\/DSC8770-1-189x300.jpg\" alt=\"Wolfgang T. M\u00fcller\" width=\"189\" height=\"300\" srcset=\"https:\/\/wolfgang-theodor-mueller.com\/wp-content\/uploads\/2014\/10\/DSC8770-1-189x300.jpg 189w, https:\/\/wolfgang-theodor-mueller.com\/wp-content\/uploads\/2014\/10\/DSC8770-1.jpg 390w\" sizes=\"auto, (max-width: 189px) 100vw, 189px\" \/><\/a>&#8222;Live is life&#8220; im \u00fcbertragenden Sinne bedeutet:<\/strong><\/p>\n<blockquote><p>&#8222;Das (wahre) Leben passiert jetzt, in dieser Minute, in diesem Augenblick&#8230; und wenn Du nicht \u00fcber Gestern, Morgen und alles andere (Unwichtige) denkst und nur an den jetzigen Moment denkst und diesen mit allen Sinnen erlebst, dann lebst Du. Das Leben ist Live (es geschieht in diesem Augenblick) und wenn Du das erkennst, nimmst Du am Leben auch teil.<br \/>\nKurz gesagt bedeutet es: <strong>Lebe den Augenblick!&#8220;<\/strong><\/p><\/blockquote>\n<p>Lebe den Augenblick! Das ist die Erkenntnis und die Essenz meines bisherigen Lebens. Wer meinen sehr spannenden und au\u00dfergew\u00f6hnlichen Lebensweg kennt, wei\u00df, wovon ich spreche.<\/p>\n<p>Mein ganzes Wissen, wie diese Welt tickt, wie die universellen Lebensgesetze wirklich funktionieren, wie man sich verbl\u00fcffend leicht selbst erkennen und dann sich ver\u00e4ndern darf; dieses Wissen gebe ich mit meinem Herzblut und meinem vollen Engagement bereits seit einigen Jahrzehnten an die Menschheit weiter.<\/p>\n<p>In unz\u00e4hligen Seminaren, Workshops, Vortr\u00e4gen, Einzelgespr\u00e4chen, Diskussionen habe ich diese Lebensweisheiten mit meinem angeborenen rheinischen\u00a0Humor und mit einer oft sehr deutlichen, direkten und unverbl\u00fcmten Sprache vermitteln d\u00fcrfen.<\/p>\n<p>Ich bin daf\u00fcr bekannt, dass ich kein &#8222;Blatt vor den Mund&#8220; nehme und in einer unmissverst\u00e4ndlichen, jedoch immer sehr liebevollen Art und Weise versuche, Menschen aus ihren selbst geschaffenen einschr\u00e4nkenden Komfortzonen heraus zu locken. Manchmal mit einem deutlichen Schuppser oder, wenn es sein muss, auch mit einem symbolischen\u00a0Tritt gegen das Schienbein oder in den Allerwertesten.<\/p>\n<p>Viele kommen\u00a0krank, ausgepowert, desillusioniert, depressiv, des Lebens m\u00fcde und ohne Zukunftsperspektiven in\u00a0meine Veranstaltungen oder zu Einzelsitzungen, weil sie aufgeh\u00f6rt haben, sich selbst als einzigartiges Wesen wahrzunehmen. Sie werden gelebt; sie haben die Verantwortung f\u00fcr ihr Leben an andere abgegeben &#8211; oft freiwillig und ohne Zwang. Sie machen sich Sorgen um ihre Zukunft, gen\u00e4hrt aus den negativen Erfahrungen ihrer pers\u00f6nlichen Vergangenheit. Diesen Menschen zu helfen, wieder in die Selbstbestimmung zu kommen, sich selbst wieder zu lieben: Das ist meine Aufgabe in diesem Leben.<\/p>\n<p>Daf\u00fcr stehe ich auf den gro\u00dfen und kleinen B\u00fchnen dieser Welt, darum schreibe ich, darum schaffe ich Dokumentarfilme, darum bin ich unerm\u00fcdlich immer unterwegs, wenn man mich ruft.<\/p>\n<p>Ich leite ein Akademie f\u00fcr Energiemedizin und alternative, sanfte Heilmethoden, ich halte und hielt Vortr\u00e4ge auf deutschen Kreuzfahrtschiffen wie die MS EUROPA, MS ASTOR (das erste ZDF-Traumschiff) oder den Cruisern der Phoenix-Reederei und bin nun mit einer gro\u00dfen Deutschland-\u00d6sterreich-Schweiz-Tour 2014\/2015 unterwegs mit meinem neuen Dokumentarfilm &#8222;BURNOUT &#8211; Deine Chance zum Neubeginn&#8220;.<\/p>\n<p>Und man findet mich als Keynote-Speaker auf\u00a0vielen Gro\u00df-Events zum\u00a0Generalthema &#8222;Live is Life&#8220; \u00a0&#8211; Lebe Dein Leben &#8211; JETZT!<\/p>\n<p>Rufen Sie mich &#8211; ich komme! Auch zu Ihnen!<br \/>\n<p class=\"wpcf7-contact-form-not-found\"><strong>Fehler:<\/strong> Kontaktformular wurde nicht gefunden.<\/p><br \/>\n&nbsp;<\/p>\n","protected":false},"excerpt":{"rendered":"<p>&#8222;Live is life&#8220; im \u00fcbertragenden Sinne bedeutet: &#8222;Das (wahre) Leben passiert jetzt, in dieser Minute, in diesem Augenblick&#8230; und wenn Du nicht \u00fcber Gestern, Morgen und alles andere (Unwichtige) denkst&#8230; <a class=\"read-more-button\" href=\"https:\/\/wolfgang-theodor-mueller.com\/?page_id=2\">Mehr Lesen &gt;<\/a><\/p>\n","protected":false},"author":1,"featured_media":0,"parent":0,"menu_order":0,"comment_status":"closed","ping_status":"closed","template":"","meta":{"footnotes":""},"class_list":["post-2","page","type-page","status-publish","hentry"],"yoast_head":"<!-- This site is optimized with the Yoast SEO plugin v27.4 - https:\/\/yoast.com\/product\/yoast-seo-wordpress\/ -->\n<title>Live is life... - Wolfgang T. M\u00fcller<\/title>\n<meta name=\"robots\" content=\"index, follow, max-snippet:-1, max-image-preview:large, max-video-preview:-1\" \/>\n<link rel=\"canonical\" href=\"https:\/\/wolfgang-theodor-mueller.com\/?page_id=2\" \/>\n<meta property=\"og:locale\" content=\"de_DE\" \/>\n<meta property=\"og:type\" content=\"article\" \/>\n<meta property=\"og:title\" content=\"Live is life... - Wolfgang T. M\u00fcller\" \/>\n<meta property=\"og:description\" content=\"&#8222;Live is life&#8220; im \u00fcbertragenden Sinne bedeutet: &#8222;Das (wahre) Leben passiert jetzt, in dieser Minute, in diesem Augenblick&#8230; und wenn Du nicht \u00fcber Gestern, Morgen und alles andere (Unwichtige) denkst... Mehr Lesen &gt;\" \/>\n<meta property=\"og:url\" content=\"https:\/\/wolfgang-theodor-mueller.com\/?page_id=2\" \/>\n<meta property=\"og:site_name\" content=\"Wolfgang T. M\u00fcller\" \/>\n<meta property=\"article:modified_time\" content=\"2014-12-04T10:45:10+00:00\" \/>\n<meta property=\"og:image\" content=\"https:\/\/wolfgang-theodor-mueller.com\/wp-content\/uploads\/2014\/10\/DSC8770-1-189x300.jpg\" \/>\n<meta name=\"twitter:label1\" content=\"Gesch\u00e4tzte Lesezeit\" \/>\n\t<meta name=\"twitter:data1\" content=\"2\u00a0Minuten\" \/>\n<script type=\"application\/ld+json\" class=\"yoast-schema-graph\">{\"@context\":\"https:\\\/\\\/schema.org\",\"@graph\":[{\"@type\":\"WebPage\",\"@id\":\"https:\\\/\\\/wolfgang-theodor-mueller.com\\\/?page_id=2\",\"url\":\"https:\\\/\\\/wolfgang-theodor-mueller.com\\\/?page_id=2\",\"name\":\"Live is life... - Wolfgang T. M\u00fcller\",\"isPartOf\":{\"@id\":\"https:\\\/\\\/wolfgang-theodor-mueller.com\\\/#website\"},\"primaryImageOfPage\":{\"@id\":\"https:\\\/\\\/wolfgang-theodor-mueller.com\\\/?page_id=2#primaryimage\"},\"image\":{\"@id\":\"https:\\\/\\\/wolfgang-theodor-mueller.com\\\/?page_id=2#primaryimage\"},\"thumbnailUrl\":\"https:\\\/\\\/wolfgang-theodor-mueller.com\\\/wp-content\\\/uploads\\\/2014\\\/10\\\/DSC8770-1-189x300.jpg\",\"datePublished\":\"2014-10-20T16:08:14+00:00\",\"dateModified\":\"2014-12-04T10:45:10+00:00\",\"breadcrumb\":{\"@id\":\"https:\\\/\\\/wolfgang-theodor-mueller.com\\\/?page_id=2#breadcrumb\"},\"inLanguage\":\"de\",\"potentialAction\":[{\"@type\":\"ReadAction\",\"target\":[\"https:\\\/\\\/wolfgang-theodor-mueller.com\\\/?page_id=2\"]}]},{\"@type\":\"ImageObject\",\"inLanguage\":\"de\",\"@id\":\"https:\\\/\\\/wolfgang-theodor-mueller.com\\\/?page_id=2#primaryimage\",\"url\":\"https:\\\/\\\/wolfgang-theodor-mueller.com\\\/wp-content\\\/uploads\\\/2014\\\/10\\\/DSC8770-1.jpg\",\"contentUrl\":\"https:\\\/\\\/wolfgang-theodor-mueller.com\\\/wp-content\\\/uploads\\\/2014\\\/10\\\/DSC8770-1.jpg\",\"width\":390,\"height\":616,\"caption\":\"Wolfgang T. M\u00fcller\"},{\"@type\":\"BreadcrumbList\",\"@id\":\"https:\\\/\\\/wolfgang-theodor-mueller.com\\\/?page_id=2#breadcrumb\",\"itemListElement\":[{\"@type\":\"ListItem\",\"position\":1,\"name\":\"Home\",\"item\":\"https:\\\/\\\/wolfgang-theodor-mueller.com\\\/\"},{\"@type\":\"ListItem\",\"position\":2,\"name\":\"Live is life&#8230;\"}]},{\"@type\":\"WebSite\",\"@id\":\"https:\\\/\\\/wolfgang-theodor-mueller.com\\\/#website\",\"url\":\"https:\\\/\\\/wolfgang-theodor-mueller.com\\\/\",\"name\":\"Wolfgang T. M\u00fcller\",\"description\":\"Keynote-Speaker - Dozent - Lebenslehrer\",\"potentialAction\":[{\"@type\":\"SearchAction\",\"target\":{\"@type\":\"EntryPoint\",\"urlTemplate\":\"https:\\\/\\\/wolfgang-theodor-mueller.com\\\/?s={search_term_string}\"},\"query-input\":{\"@type\":\"PropertyValueSpecification\",\"valueRequired\":true,\"valueName\":\"search_term_string\"}}],\"inLanguage\":\"de\"}]}<\/script>\n<!-- \/ Yoast SEO plugin. -->","yoast_head_json":{"title":"Live is life... - Wolfgang T. M\u00fcller","robots":{"index":"index","follow":"follow","max-snippet":"max-snippet:-1","max-image-preview":"max-image-preview:large","max-video-preview":"max-video-preview:-1"},"canonical":"https:\/\/wolfgang-theodor-mueller.com\/?page_id=2","og_locale":"de_DE","og_type":"article","og_title":"Live is life... - Wolfgang T. M\u00fcller","og_description":"&#8222;Live is life&#8220; im \u00fcbertragenden Sinne bedeutet: &#8222;Das (wahre) Leben passiert jetzt, in dieser Minute, in diesem Augenblick&#8230; und wenn Du nicht \u00fcber Gestern, Morgen und alles andere (Unwichtige) denkst... Mehr Lesen &gt;","og_url":"https:\/\/wolfgang-theodor-mueller.com\/?page_id=2","og_site_name":"Wolfgang T. M\u00fcller","article_modified_time":"2014-12-04T10:45:10+00:00","og_image":[{"url":"https:\/\/wolfgang-theodor-mueller.com\/wp-content\/uploads\/2014\/10\/DSC8770-1-189x300.jpg","type":"","width":"","height":""}],"twitter_misc":{"Gesch\u00e4tzte Lesezeit":"2\u00a0Minuten"},"schema":{"@context":"https:\/\/schema.org","@graph":[{"@type":"WebPage","@id":"https:\/\/wolfgang-theodor-mueller.com\/?page_id=2","url":"https:\/\/wolfgang-theodor-mueller.com\/?page_id=2","name":"Live is life... - Wolfgang T. M\u00fcller","isPartOf":{"@id":"https:\/\/wolfgang-theodor-mueller.com\/#website"},"primaryImageOfPage":{"@id":"https:\/\/wolfgang-theodor-mueller.com\/?page_id=2#primaryimage"},"image":{"@id":"https:\/\/wolfgang-theodor-mueller.com\/?page_id=2#primaryimage"},"thumbnailUrl":"https:\/\/wolfgang-theodor-mueller.com\/wp-content\/uploads\/2014\/10\/DSC8770-1-189x300.jpg","datePublished":"2014-10-20T16:08:14+00:00","dateModified":"2014-12-04T10:45:10+00:00","breadcrumb":{"@id":"https:\/\/wolfgang-theodor-mueller.com\/?page_id=2#breadcrumb"},"inLanguage":"de","potentialAction":[{"@type":"ReadAction","target":["https:\/\/wolfgang-theodor-mueller.com\/?page_id=2"]}]},{"@type":"ImageObject","inLanguage":"de","@id":"https:\/\/wolfgang-theodor-mueller.com\/?page_id=2#primaryimage","url":"https:\/\/wolfgang-theodor-mueller.com\/wp-content\/uploads\/2014\/10\/DSC8770-1.jpg","contentUrl":"https:\/\/wolfgang-theodor-mueller.com\/wp-content\/uploads\/2014\/10\/DSC8770-1.jpg","width":390,"height":616,"caption":"Wolfgang T. M\u00fcller"},{"@type":"BreadcrumbList","@id":"https:\/\/wolfgang-theodor-mueller.com\/?page_id=2#breadcrumb","itemListElement":[{"@type":"ListItem","position":1,"name":"Home","item":"https:\/\/wolfgang-theodor-mueller.com\/"},{"@type":"ListItem","position":2,"name":"Live is life&#8230;"}]},{"@type":"WebSite","@id":"https:\/\/wolfgang-theodor-mueller.com\/#website","url":"https:\/\/wolfgang-theodor-mueller.com\/","name":"Wolfgang T. M\u00fcller","description":"Keynote-Speaker - Dozent - Lebenslehrer","potentialAction":[{"@type":"SearchAction","target":{"@type":"EntryPoint","urlTemplate":"https:\/\/wolfgang-theodor-mueller.com\/?s={search_term_string}"},"query-input":{"@type":"PropertyValueSpecification","valueRequired":true,"valueName":"search_term_string"}}],"inLanguage":"de"}]}},"_links":{"self":[{"href":"https:\/\/wolfgang-theodor-mueller.com\/index.php?rest_route=\/wp\/v2\/pages\/2","targetHints":{"allow":["GET"]}}],"collection":[{"href":"https:\/\/wolfgang-theodor-mueller.com\/index.php?rest_route=\/wp\/v2\/pages"}],"about":[{"href":"https:\/\/wolfgang-theodor-mueller.com\/index.php?rest_route=\/wp\/v2\/types\/page"}],"author":[{"embeddable":true,"href":"https:\/\/wolfgang-theodor-mueller.com\/index.php?rest_route=\/wp\/v2\/users\/1"}],"replies":[{"embeddable":true,"href":"https:\/\/wolfgang-theodor-mueller.com\/index.php?rest_route=%2Fwp%2Fv2%2Fcomments&post=2"}],"version-history":[{"count":8,"href":"https:\/\/wolfgang-theodor-mueller.com\/index.php?rest_route=\/wp\/v2\/pages\/2\/revisions"}],"predecessor-version":[{"id":176,"href":"https:\/\/wolfgang-theodor-mueller.com\/index.php?rest_route=\/wp\/v2\/pages\/2\/revisions\/176"}],"wp:attachment":[{"href":"https:\/\/wolfgang-theodor-mueller.com\/index.php?rest_route=%2Fwp%2Fv2%2Fmedia&parent=2"}],"curies":[{"name":"wp","href":"https:\/\/api.w.org\/{rel}","templated":true}]}}