{"id":19,"date":"2014-10-22T16:17:46","date_gmt":"2014-10-22T16:17:46","guid":{"rendered":"http:\/\/wolfgang-theodor-mueller.com\/?page_id=19"},"modified":"2020-02-20T16:41:49","modified_gmt":"2020-02-20T16:41:49","slug":"impressum","status":"publish","type":"page","link":"https:\/\/wolfgang-theodor-mueller.com\/?page_id=19","title":{"rendered":"Impressum"},"content":{"rendered":"<div><strong><a href=\"https:\/\/wolfgang-theodor-mueller.com\/wp-content\/uploads\/2014\/10\/DSC8798.jpg\"><img loading=\"lazy\" decoding=\"async\" class=\"alignright wp-image-105 size-medium\" src=\"https:\/\/wolfgang-theodor-mueller.com\/wp-content\/uploads\/2014\/10\/DSC8798-e1414655287568-215x300.jpg\" alt=\"Wolfgang T. M\u00fcller\" width=\"215\" height=\"300\" srcset=\"https:\/\/wolfgang-theodor-mueller.com\/wp-content\/uploads\/2014\/10\/DSC8798-e1414655287568-215x300.jpg 215w, https:\/\/wolfgang-theodor-mueller.com\/wp-content\/uploads\/2014\/10\/DSC8798-e1414655287568.jpg 533w\" sizes=\"auto, (max-width: 215px) 100vw, 215px\" \/><\/a>Impressum:<\/strong><\/div>\n<div><\/div>\n<p>Wolfgang T. M\u00fcller<br \/>\nPerschlingtalstr. 35<br \/>\nA-3144 Pyhra-Wald<\/p>\n<p>Telefon B\u00fcro Wolfgang T. M\u00fcller: +43 (0) 676-6404426<\/p>\n<p><a href=\"mailto:info@wolfgang-theodor-mueller.at\" target=\"_blank\" rel=\"noopener noreferrer\">info@wolfgang-theodor-mueller.at<\/a><\/p>\n<div>\n<p><a href=\"https:\/\/www.wolfgang-theodor-mueller.com\" target=\"_blank\" rel=\"noopener noreferrer\">https:\/\/www.wolfgang-theodor-mueller.com<\/a><\/p>\n<\/div>\n<div>\n<p>Finanzamt St. P\u00f6lten, Steuernummer 119\/0296<\/p>\n<p>\u00d6sterreichische\u00a0Umsatzsteuer-Identifikationsnummer:\u00a0ATU66619929<\/p>\n<p>Die T\u00e4tigkeit\u00a0als &#8222;Selbst\u00e4ndiger Trainer&#8220; (Durchf\u00fchrung von Unterricht, Seminaren, Vortr\u00e4gen, Workshops, Lehrveranstaltungen udgl.) unterliegt nicht der \u00f6sterreichischen Gewerbeordnung.<\/p>\n<p>Dar\u00fcber hinaus besitzt Wolfgang T. M\u00fcller f\u00fcr die anderen Unternehmens- und T\u00e4igkeitsbereiche folgende Gewerbeerlaubnisse:<\/p>\n<ul>\n<li>Gewerbeerlaubnis der\u00a0Bezirkshauptmannschaft St. P\u00f6lten, Registernummer 319-PLW1-G-141308 \/ Filmproduktion<\/li>\n<li>Gewerbeerlaubnis der\u00a0Bezirkshauptmannschaft St. P\u00f6lten, Registernummer 319-PLW1-G-141306 \/ Filmverleih- und Vertrieb<\/li>\n<li>Gewerbeerlaubnis der\u00a0Bezirkshauptmannschaft St. P\u00f6lten, Registernummer 319-PLW1-G-141307 \/ Multimedia-Agentur<\/li>\n<li>Gewerbeerlaubnis der\u00a0Bezirkshauptmannschaft St. P\u00f6lten, Registernummer 319-PLW1-G-141305 \/ Handelsgewerbe<\/li>\n<li>Gewerbeerlaubnis der Bezirkshauptmannschaft St. P\u00f6lten, Registernummer 319-PLW1-G-121348 \/ Energetiker<\/li>\n<li>Gewerbeerlaubnis der\u00a0Bezirkshauptmannschaft St. P\u00f6lten, Registernummer\u00a0319-PLW1-G-15583 \/<br \/>\nOrganisation von Veranstaltungen, M\u00e4rkten und Messen (Eventmanagement)<\/li>\n<\/ul>\n<h3>Mitgliedschaften:<\/h3>\n<p><a href=\"https:\/\/firmen.wko.at\/Web\/DetailsInfos.aspx?FirmaID=ee6b6c44-bed3-4e25-9910-e95ff08ec8d9\" target=\"_blank\" rel=\"noopener noreferrer\"><img loading=\"lazy\" decoding=\"async\" class=\"alignnone\" src=\"https:\/\/encrypted-tbn3.gstatic.com\/images?q=tbn:ANd9GcRYcMb4K_Tb0RhkO7hys3WAk5CBuPhFPS5Trm7GPKttnrGxZeZ1\" alt=\"\" width=\"160\" height=\"81\" \/><\/a><\/p>\n<p><a href=\"http:\/\/www.freemarkets.at\/index.html\" target=\"_blank\" rel=\"noopener noreferrer\"><img loading=\"lazy\" decoding=\"async\" class=\"alignnone\" src=\"http:\/\/www.freemarkets.at\/img\/FreeMarkets.at-Logo-150.png\" alt=\"\" width=\"150\" height=\"139\" \/><\/a><\/p>\n<\/div>\n<p><img decoding=\"async\" src=\"http:\/\/akua-events.at\/wp-content\/uploads\/2014\/09\/DAS_Plakette_150x150_Transparent.png\" alt=\"DAS_Plakette_150x150_Transparent\" \/><\/p>\n<div>\n<p><strong>Inhaltlich Verantwortlicher gem\u00e4\u00df \u00a7 6 MDStV:<\/strong> Wolfgang T. M\u00fcller<\/p>\n<p><strong>Copyright und Urheberrecht<\/strong><\/p>\n<p>Alle Inhalte dieser Website unterliegen dem Copyright von Wolfgang T. M\u00fcller und sind damit urheberrechtlich gesch\u00fctzt. Die \u00dcbernahme und Nutzung der Inhalte und Angaben zu anderen Zwecken bedarf der schriftlichen Zustimmung von Wolfgang T. M\u00fcller. Ohne diese bleibt sie untersagt. Dies gilt auch f\u00fcr unterlassene Copyright-Verweise auf die Urheber.<\/p>\n<p><strong>Bitte keine Abmahnung ohne vorherigen Kontakt !<br \/>\n<\/strong><br \/>\nDer Verfasser ist bem\u00fcht, in allen Publikationen die Urheberrechte zu beachten und zu bewahren.<br \/>\nSollte sich auf diesen Seiten dennoch ein ungekennzeichnetes, aber durch fremdes Copyright gesch\u00fctztes Element befinden, so konnte das Copyright vom Verfasser nicht festgestellt werden.<br \/>\nSollte der Inhalt oder die Aufmachung dieser Seiten somit fremde Rechte Dritter oder gesetzliche Bestimmungen verletzen, so bitten wir herzlich um eine entsprechende Nachricht ohne Kostennote. Der Verfasser garantiert, dass die zu Recht beanstandeten Passagen unverz\u00fcglich entfernt werden, ohne dass von Ihrer Seite die Einschaltung eines Rechtsbeistandes erforderlich ist.<\/p>\n<p><strong>Haftungsausschluss \/ Disclaimer<\/strong><\/p>\n<p>Die Angaben auf diesen Seiten wurden sorgf\u00e4ltig gepr\u00fcft. Dennoch kann keine Garantie f\u00fcr die Vollst\u00e4ndigkeit, Richtigkeit und Aktualit\u00e4t \u00fcbernommen werden.<\/p>\n<p>F\u00fcr die Inhalte der Dateiver\u00f6ffentlichungen der Anbieter und der von hier verlinkten, fremden Webseiten wird jede Haftung ausgeschlossen. Die eingestellten Beitr\u00e4ge und \u00c4u\u00dferungen geben nur die Auffassung des jeweiligen Autors, nicht aber die von Wolfgang T. M\u00fcller wieder.<\/p>\n<p>Wolfgang T. M\u00fcller haftet nicht f\u00fcr Sch\u00e4den, die aus der Benutzung aller dargebotenen Informationen entstehen k\u00f6nnten.<\/p>\n<\/div>\n","protected":false},"excerpt":{"rendered":"<p>Impressum: Wolfgang T. M\u00fcller Perschlingtalstr. 35 A-3144 Pyhra-Wald Telefon B\u00fcro Wolfgang T. M\u00fcller: +43 (0) 676-6404426 info@wolfgang-theodor-mueller.at https:\/\/www.wolfgang-theodor-mueller.com Finanzamt St. P\u00f6lten, Steuernummer 119\/0296 \u00d6sterreichische\u00a0Umsatzsteuer-Identifikationsnummer:\u00a0ATU66619929 Die T\u00e4tigkeit\u00a0als &#8222;Selbst\u00e4ndiger Trainer&#8220; (Durchf\u00fchrung von&#8230; <a class=\"read-more-button\" href=\"https:\/\/wolfgang-theodor-mueller.com\/?page_id=19\">Mehr Lesen &gt;<\/a><\/p>\n","protected":false},"author":1,"featured_media":0,"parent":0,"menu_order":0,"comment_status":"closed","ping_status":"closed","template":"","meta":{"footnotes":""},"class_list":["post-19","page","type-page","status-publish","hentry"],"yoast_head":"<!-- This site is optimized with the Yoast SEO plugin v27.4 - https:\/\/yoast.com\/product\/yoast-seo-wordpress\/ -->\n<title>Impressum - Wolfgang T. M\u00fcller<\/title>\n<meta name=\"robots\" content=\"index, follow, max-snippet:-1, max-image-preview:large, max-video-preview:-1\" \/>\n<link rel=\"canonical\" href=\"https:\/\/wolfgang-theodor-mueller.com\/?page_id=19\" \/>\n<meta property=\"og:locale\" content=\"de_DE\" \/>\n<meta property=\"og:type\" content=\"article\" \/>\n<meta property=\"og:title\" content=\"Impressum - Wolfgang T. M\u00fcller\" \/>\n<meta property=\"og:description\" content=\"Impressum: Wolfgang T. M\u00fcller Perschlingtalstr. 35 A-3144 Pyhra-Wald Telefon B\u00fcro Wolfgang T. M\u00fcller: +43 (0) 676-6404426 info@wolfgang-theodor-mueller.at https:\/\/www.wolfgang-theodor-mueller.com Finanzamt St. P\u00f6lten, Steuernummer 119\/0296 \u00d6sterreichische\u00a0Umsatzsteuer-Identifikationsnummer:\u00a0ATU66619929 Die T\u00e4tigkeit\u00a0als &#8222;Selbst\u00e4ndiger Trainer&#8220; (Durchf\u00fchrung von... Mehr Lesen &gt;\" \/>\n<meta property=\"og:url\" content=\"https:\/\/wolfgang-theodor-mueller.com\/?page_id=19\" \/>\n<meta property=\"og:site_name\" content=\"Wolfgang T. M\u00fcller\" \/>\n<meta property=\"article:modified_time\" content=\"2020-02-20T16:41:49+00:00\" \/>\n<meta property=\"og:image\" content=\"https:\/\/wolfgang-theodor-mueller.com\/wp-content\/uploads\/2014\/10\/DSC8798-e1414655287568-215x300.jpg\" \/>\n<meta name=\"twitter:label1\" content=\"Gesch\u00e4tzte Lesezeit\" \/>\n\t<meta name=\"twitter:data1\" content=\"2\u00a0Minuten\" \/>\n<script type=\"application\/ld+json\" class=\"yoast-schema-graph\">{\"@context\":\"https:\\\/\\\/schema.org\",\"@graph\":[{\"@type\":\"WebPage\",\"@id\":\"https:\\\/\\\/wolfgang-theodor-mueller.com\\\/?page_id=19\",\"url\":\"https:\\\/\\\/wolfgang-theodor-mueller.com\\\/?page_id=19\",\"name\":\"Impressum - Wolfgang T. M\u00fcller\",\"isPartOf\":{\"@id\":\"https:\\\/\\\/wolfgang-theodor-mueller.com\\\/#website\"},\"primaryImageOfPage\":{\"@id\":\"https:\\\/\\\/wolfgang-theodor-mueller.com\\\/?page_id=19#primaryimage\"},\"image\":{\"@id\":\"https:\\\/\\\/wolfgang-theodor-mueller.com\\\/?page_id=19#primaryimage\"},\"thumbnailUrl\":\"https:\\\/\\\/wolfgang-theodor-mueller.com\\\/wp-content\\\/uploads\\\/2014\\\/10\\\/DSC8798-e1414655287568-215x300.jpg\",\"datePublished\":\"2014-10-22T16:17:46+00:00\",\"dateModified\":\"2020-02-20T16:41:49+00:00\",\"breadcrumb\":{\"@id\":\"https:\\\/\\\/wolfgang-theodor-mueller.com\\\/?page_id=19#breadcrumb\"},\"inLanguage\":\"de\",\"potentialAction\":[{\"@type\":\"ReadAction\",\"target\":[\"https:\\\/\\\/wolfgang-theodor-mueller.com\\\/?page_id=19\"]}]},{\"@type\":\"ImageObject\",\"inLanguage\":\"de\",\"@id\":\"https:\\\/\\\/wolfgang-theodor-mueller.com\\\/?page_id=19#primaryimage\",\"url\":\"https:\\\/\\\/wolfgang-theodor-mueller.com\\\/wp-content\\\/uploads\\\/2014\\\/10\\\/DSC8798-e1414655287568.jpg\",\"contentUrl\":\"https:\\\/\\\/wolfgang-theodor-mueller.com\\\/wp-content\\\/uploads\\\/2014\\\/10\\\/DSC8798-e1414655287568.jpg\",\"width\":533,\"height\":741,\"caption\":\"Wolfgang T. M\u00fcller\"},{\"@type\":\"BreadcrumbList\",\"@id\":\"https:\\\/\\\/wolfgang-theodor-mueller.com\\\/?page_id=19#breadcrumb\",\"itemListElement\":[{\"@type\":\"ListItem\",\"position\":1,\"name\":\"Home\",\"item\":\"https:\\\/\\\/wolfgang-theodor-mueller.com\\\/\"},{\"@type\":\"ListItem\",\"position\":2,\"name\":\"Impressum\"}]},{\"@type\":\"WebSite\",\"@id\":\"https:\\\/\\\/wolfgang-theodor-mueller.com\\\/#website\",\"url\":\"https:\\\/\\\/wolfgang-theodor-mueller.com\\\/\",\"name\":\"Wolfgang T. M\u00fcller\",\"description\":\"Keynote-Speaker - Dozent - Lebenslehrer\",\"potentialAction\":[{\"@type\":\"SearchAction\",\"target\":{\"@type\":\"EntryPoint\",\"urlTemplate\":\"https:\\\/\\\/wolfgang-theodor-mueller.com\\\/?s={search_term_string}\"},\"query-input\":{\"@type\":\"PropertyValueSpecification\",\"valueRequired\":true,\"valueName\":\"search_term_string\"}}],\"inLanguage\":\"de\"}]}<\/script>\n<!-- \/ Yoast SEO plugin. -->","yoast_head_json":{"title":"Impressum - Wolfgang T. M\u00fcller","robots":{"index":"index","follow":"follow","max-snippet":"max-snippet:-1","max-image-preview":"max-image-preview:large","max-video-preview":"max-video-preview:-1"},"canonical":"https:\/\/wolfgang-theodor-mueller.com\/?page_id=19","og_locale":"de_DE","og_type":"article","og_title":"Impressum - Wolfgang T. M\u00fcller","og_description":"Impressum: Wolfgang T. M\u00fcller Perschlingtalstr. 35 A-3144 Pyhra-Wald Telefon B\u00fcro Wolfgang T. M\u00fcller: +43 (0) 676-6404426 info@wolfgang-theodor-mueller.at https:\/\/www.wolfgang-theodor-mueller.com Finanzamt St. P\u00f6lten, Steuernummer 119\/0296 \u00d6sterreichische\u00a0Umsatzsteuer-Identifikationsnummer:\u00a0ATU66619929 Die T\u00e4tigkeit\u00a0als &#8222;Selbst\u00e4ndiger Trainer&#8220; (Durchf\u00fchrung von... Mehr Lesen &gt;","og_url":"https:\/\/wolfgang-theodor-mueller.com\/?page_id=19","og_site_name":"Wolfgang T. M\u00fcller","article_modified_time":"2020-02-20T16:41:49+00:00","og_image":[{"url":"https:\/\/wolfgang-theodor-mueller.com\/wp-content\/uploads\/2014\/10\/DSC8798-e1414655287568-215x300.jpg","type":"","width":"","height":""}],"twitter_misc":{"Gesch\u00e4tzte Lesezeit":"2\u00a0Minuten"},"schema":{"@context":"https:\/\/schema.org","@graph":[{"@type":"WebPage","@id":"https:\/\/wolfgang-theodor-mueller.com\/?page_id=19","url":"https:\/\/wolfgang-theodor-mueller.com\/?page_id=19","name":"Impressum - Wolfgang T. M\u00fcller","isPartOf":{"@id":"https:\/\/wolfgang-theodor-mueller.com\/#website"},"primaryImageOfPage":{"@id":"https:\/\/wolfgang-theodor-mueller.com\/?page_id=19#primaryimage"},"image":{"@id":"https:\/\/wolfgang-theodor-mueller.com\/?page_id=19#primaryimage"},"thumbnailUrl":"https:\/\/wolfgang-theodor-mueller.com\/wp-content\/uploads\/2014\/10\/DSC8798-e1414655287568-215x300.jpg","datePublished":"2014-10-22T16:17:46+00:00","dateModified":"2020-02-20T16:41:49+00:00","breadcrumb":{"@id":"https:\/\/wolfgang-theodor-mueller.com\/?page_id=19#breadcrumb"},"inLanguage":"de","potentialAction":[{"@type":"ReadAction","target":["https:\/\/wolfgang-theodor-mueller.com\/?page_id=19"]}]},{"@type":"ImageObject","inLanguage":"de","@id":"https:\/\/wolfgang-theodor-mueller.com\/?page_id=19#primaryimage","url":"https:\/\/wolfgang-theodor-mueller.com\/wp-content\/uploads\/2014\/10\/DSC8798-e1414655287568.jpg","contentUrl":"https:\/\/wolfgang-theodor-mueller.com\/wp-content\/uploads\/2014\/10\/DSC8798-e1414655287568.jpg","width":533,"height":741,"caption":"Wolfgang T. M\u00fcller"},{"@type":"BreadcrumbList","@id":"https:\/\/wolfgang-theodor-mueller.com\/?page_id=19#breadcrumb","itemListElement":[{"@type":"ListItem","position":1,"name":"Home","item":"https:\/\/wolfgang-theodor-mueller.com\/"},{"@type":"ListItem","position":2,"name":"Impressum"}]},{"@type":"WebSite","@id":"https:\/\/wolfgang-theodor-mueller.com\/#website","url":"https:\/\/wolfgang-theodor-mueller.com\/","name":"Wolfgang T. M\u00fcller","description":"Keynote-Speaker - Dozent - Lebenslehrer","potentialAction":[{"@type":"SearchAction","target":{"@type":"EntryPoint","urlTemplate":"https:\/\/wolfgang-theodor-mueller.com\/?s={search_term_string}"},"query-input":{"@type":"PropertyValueSpecification","valueRequired":true,"valueName":"search_term_string"}}],"inLanguage":"de"}]}},"_links":{"self":[{"href":"https:\/\/wolfgang-theodor-mueller.com\/index.php?rest_route=\/wp\/v2\/pages\/19","targetHints":{"allow":["GET"]}}],"collection":[{"href":"https:\/\/wolfgang-theodor-mueller.com\/index.php?rest_route=\/wp\/v2\/pages"}],"about":[{"href":"https:\/\/wolfgang-theodor-mueller.com\/index.php?rest_route=\/wp\/v2\/types\/page"}],"author":[{"embeddable":true,"href":"https:\/\/wolfgang-theodor-mueller.com\/index.php?rest_route=\/wp\/v2\/users\/1"}],"replies":[{"embeddable":true,"href":"https:\/\/wolfgang-theodor-mueller.com\/index.php?rest_route=%2Fwp%2Fv2%2Fcomments&post=19"}],"version-history":[{"count":12,"href":"https:\/\/wolfgang-theodor-mueller.com\/index.php?rest_route=\/wp\/v2\/pages\/19\/revisions"}],"predecessor-version":[{"id":384,"href":"https:\/\/wolfgang-theodor-mueller.com\/index.php?rest_route=\/wp\/v2\/pages\/19\/revisions\/384"}],"wp:attachment":[{"href":"https:\/\/wolfgang-theodor-mueller.com\/index.php?rest_route=%2Fwp%2Fv2%2Fmedia&parent=19"}],"curies":[{"name":"wp","href":"https:\/\/api.w.org\/{rel}","templated":true}]}}