{"id":114,"date":"2014-10-30T15:36:31","date_gmt":"2014-10-30T15:36:31","guid":{"rendered":"http:\/\/wolfgang-theodor-mueller.com\/?page_id=114"},"modified":"2014-12-31T08:28:18","modified_gmt":"2014-12-31T08:28:18","slug":"aktuelle-termine","status":"publish","type":"page","link":"https:\/\/wolfgang-theodor-mueller.com\/?page_id=114","title":{"rendered":"Aktuelle Termine"},"content":{"rendered":"<div id=\"attachment_247\" style=\"width: 370px\" class=\"wp-caption alignright\"><a href=\"http:\/\/akua-events.at\/events\/categories\/wolfgang-t-mueller-dozent\/\" target=\"_blank\"><img loading=\"lazy\" decoding=\"async\" aria-describedby=\"caption-attachment-247\" class=\"wp-image-247 \" src=\"https:\/\/wolfgang-theodor-mueller.com\/wp-content\/uploads\/2014\/10\/Screenshot-2014-12-31-09.24.12-e1420014378372-300x136.png\" alt=\"\" width=\"360\" height=\"163\" srcset=\"https:\/\/wolfgang-theodor-mueller.com\/wp-content\/uploads\/2014\/10\/Screenshot-2014-12-31-09.24.12-e1420014378372-300x136.png 300w, https:\/\/wolfgang-theodor-mueller.com\/wp-content\/uploads\/2014\/10\/Screenshot-2014-12-31-09.24.12-e1420014378372-1024x466.png 1024w, https:\/\/wolfgang-theodor-mueller.com\/wp-content\/uploads\/2014\/10\/Screenshot-2014-12-31-09.24.12-e1420014378372-980x446.png 980w, https:\/\/wolfgang-theodor-mueller.com\/wp-content\/uploads\/2014\/10\/Screenshot-2014-12-31-09.24.12-e1420014378372.png 1304w\" sizes=\"auto, (max-width: 360px) 100vw, 360px\" \/><\/a><p id=\"caption-attachment-247\" class=\"wp-caption-text\">Meine aktuellen Seminare, Workshops und Vortr\u00e4ge finden Sie auf <a href=\"http:\/\/akua-events.at\/events\/categories\/wolfgang-t-mueller-dozent\/\" target=\"_blank\">www.akua-events.com<\/a><\/p><\/div>\n<h2>Meine Seminare, Workshops und Vortr\u00e4ge<\/h2>\n<p>Meine aktuellen Seminare, Workshops und Vortr\u00e4ge finden Sie auf der Veranstaltungs-Homepage <strong><a href=\"http:\/\/akua-events.at\/events\/categories\/wolfgang-t-mueller-dozent\/\" target=\"_blank\">AKUA-EVENTS<\/a>.<\/strong><\/p>\n<p>Dort k\u00f6nnen Sie auch in wenigen Minuten Ihre Tickets online buchen.<\/p>\n<p>&nbsp;<\/p>\n","protected":false},"excerpt":{"rendered":"<p>Meine Seminare, Workshops und Vortr\u00e4ge Meine aktuellen Seminare, Workshops und Vortr\u00e4ge finden Sie auf der Veranstaltungs-Homepage AKUA-EVENTS. Dort k\u00f6nnen Sie auch in wenigen Minuten Ihre Tickets online buchen. &nbsp;<\/p>\n","protected":false},"author":1,"featured_media":0,"parent":0,"menu_order":0,"comment_status":"closed","ping_status":"closed","template":"","meta":{"footnotes":""},"class_list":["post-114","page","type-page","status-publish","hentry"],"yoast_head":"<!-- This site is optimized with the Yoast SEO plugin v27.4 - https:\/\/yoast.com\/product\/yoast-seo-wordpress\/ -->\n<title>Aktuelle Termine - Wolfgang T. M\u00fcller<\/title>\n<meta name=\"robots\" content=\"index, follow, max-snippet:-1, max-image-preview:large, max-video-preview:-1\" \/>\n<link rel=\"canonical\" href=\"https:\/\/wolfgang-theodor-mueller.com\/?page_id=114\" \/>\n<meta property=\"og:locale\" content=\"de_DE\" \/>\n<meta property=\"og:type\" content=\"article\" \/>\n<meta property=\"og:title\" content=\"Aktuelle Termine - Wolfgang T. M\u00fcller\" \/>\n<meta property=\"og:description\" content=\"Meine Seminare, Workshops und Vortr\u00e4ge Meine aktuellen Seminare, Workshops und Vortr\u00e4ge finden Sie auf der Veranstaltungs-Homepage AKUA-EVENTS. Dort k\u00f6nnen Sie auch in wenigen Minuten Ihre Tickets online buchen. &nbsp;\" \/>\n<meta property=\"og:url\" content=\"https:\/\/wolfgang-theodor-mueller.com\/?page_id=114\" \/>\n<meta property=\"og:site_name\" content=\"Wolfgang T. M\u00fcller\" \/>\n<meta property=\"article:modified_time\" content=\"2014-12-31T08:28:18+00:00\" \/>\n<meta property=\"og:image\" content=\"https:\/\/wolfgang-theodor-mueller.com\/wp-content\/uploads\/2014\/10\/Screenshot-2014-12-31-09.24.12-e1420014378372-300x136.png\" \/>\n<script type=\"application\/ld+json\" class=\"yoast-schema-graph\">{\"@context\":\"https:\\\/\\\/schema.org\",\"@graph\":[{\"@type\":\"WebPage\",\"@id\":\"https:\\\/\\\/wolfgang-theodor-mueller.com\\\/?page_id=114\",\"url\":\"https:\\\/\\\/wolfgang-theodor-mueller.com\\\/?page_id=114\",\"name\":\"Aktuelle Termine - Wolfgang T. M\u00fcller\",\"isPartOf\":{\"@id\":\"https:\\\/\\\/wolfgang-theodor-mueller.com\\\/#website\"},\"primaryImageOfPage\":{\"@id\":\"https:\\\/\\\/wolfgang-theodor-mueller.com\\\/?page_id=114#primaryimage\"},\"image\":{\"@id\":\"https:\\\/\\\/wolfgang-theodor-mueller.com\\\/?page_id=114#primaryimage\"},\"thumbnailUrl\":\"https:\\\/\\\/wolfgang-theodor-mueller.com\\\/wp-content\\\/uploads\\\/2014\\\/10\\\/Screenshot-2014-12-31-09.24.12-e1420014378372-300x136.png\",\"datePublished\":\"2014-10-30T15:36:31+00:00\",\"dateModified\":\"2014-12-31T08:28:18+00:00\",\"breadcrumb\":{\"@id\":\"https:\\\/\\\/wolfgang-theodor-mueller.com\\\/?page_id=114#breadcrumb\"},\"inLanguage\":\"de\",\"potentialAction\":[{\"@type\":\"ReadAction\",\"target\":[\"https:\\\/\\\/wolfgang-theodor-mueller.com\\\/?page_id=114\"]}]},{\"@type\":\"ImageObject\",\"inLanguage\":\"de\",\"@id\":\"https:\\\/\\\/wolfgang-theodor-mueller.com\\\/?page_id=114#primaryimage\",\"url\":\"https:\\\/\\\/wolfgang-theodor-mueller.com\\\/wp-content\\\/uploads\\\/2014\\\/10\\\/Screenshot-2014-12-31-09.24.12-e1420014378372.png\",\"contentUrl\":\"https:\\\/\\\/wolfgang-theodor-mueller.com\\\/wp-content\\\/uploads\\\/2014\\\/10\\\/Screenshot-2014-12-31-09.24.12-e1420014378372.png\",\"width\":1304,\"height\":594,\"caption\":\"Meine aktuellen Seminare, Workshops und Vortr\u00e4ge finden Sie auf www.akua-events.com\"},{\"@type\":\"BreadcrumbList\",\"@id\":\"https:\\\/\\\/wolfgang-theodor-mueller.com\\\/?page_id=114#breadcrumb\",\"itemListElement\":[{\"@type\":\"ListItem\",\"position\":1,\"name\":\"Home\",\"item\":\"https:\\\/\\\/wolfgang-theodor-mueller.com\\\/\"},{\"@type\":\"ListItem\",\"position\":2,\"name\":\"Aktuelle Termine\"}]},{\"@type\":\"WebSite\",\"@id\":\"https:\\\/\\\/wolfgang-theodor-mueller.com\\\/#website\",\"url\":\"https:\\\/\\\/wolfgang-theodor-mueller.com\\\/\",\"name\":\"Wolfgang T. M\u00fcller\",\"description\":\"Keynote-Speaker - Dozent - Lebenslehrer\",\"potentialAction\":[{\"@type\":\"SearchAction\",\"target\":{\"@type\":\"EntryPoint\",\"urlTemplate\":\"https:\\\/\\\/wolfgang-theodor-mueller.com\\\/?s={search_term_string}\"},\"query-input\":{\"@type\":\"PropertyValueSpecification\",\"valueRequired\":true,\"valueName\":\"search_term_string\"}}],\"inLanguage\":\"de\"}]}<\/script>\n<!-- \/ Yoast SEO plugin. -->","yoast_head_json":{"title":"Aktuelle Termine - Wolfgang T. M\u00fcller","robots":{"index":"index","follow":"follow","max-snippet":"max-snippet:-1","max-image-preview":"max-image-preview:large","max-video-preview":"max-video-preview:-1"},"canonical":"https:\/\/wolfgang-theodor-mueller.com\/?page_id=114","og_locale":"de_DE","og_type":"article","og_title":"Aktuelle Termine - Wolfgang T. M\u00fcller","og_description":"Meine Seminare, Workshops und Vortr\u00e4ge Meine aktuellen Seminare, Workshops und Vortr\u00e4ge finden Sie auf der Veranstaltungs-Homepage AKUA-EVENTS. Dort k\u00f6nnen Sie auch in wenigen Minuten Ihre Tickets online buchen. &nbsp;","og_url":"https:\/\/wolfgang-theodor-mueller.com\/?page_id=114","og_site_name":"Wolfgang T. M\u00fcller","article_modified_time":"2014-12-31T08:28:18+00:00","og_image":[{"url":"https:\/\/wolfgang-theodor-mueller.com\/wp-content\/uploads\/2014\/10\/Screenshot-2014-12-31-09.24.12-e1420014378372-300x136.png","type":"","width":"","height":""}],"schema":{"@context":"https:\/\/schema.org","@graph":[{"@type":"WebPage","@id":"https:\/\/wolfgang-theodor-mueller.com\/?page_id=114","url":"https:\/\/wolfgang-theodor-mueller.com\/?page_id=114","name":"Aktuelle Termine - Wolfgang T. M\u00fcller","isPartOf":{"@id":"https:\/\/wolfgang-theodor-mueller.com\/#website"},"primaryImageOfPage":{"@id":"https:\/\/wolfgang-theodor-mueller.com\/?page_id=114#primaryimage"},"image":{"@id":"https:\/\/wolfgang-theodor-mueller.com\/?page_id=114#primaryimage"},"thumbnailUrl":"https:\/\/wolfgang-theodor-mueller.com\/wp-content\/uploads\/2014\/10\/Screenshot-2014-12-31-09.24.12-e1420014378372-300x136.png","datePublished":"2014-10-30T15:36:31+00:00","dateModified":"2014-12-31T08:28:18+00:00","breadcrumb":{"@id":"https:\/\/wolfgang-theodor-mueller.com\/?page_id=114#breadcrumb"},"inLanguage":"de","potentialAction":[{"@type":"ReadAction","target":["https:\/\/wolfgang-theodor-mueller.com\/?page_id=114"]}]},{"@type":"ImageObject","inLanguage":"de","@id":"https:\/\/wolfgang-theodor-mueller.com\/?page_id=114#primaryimage","url":"https:\/\/wolfgang-theodor-mueller.com\/wp-content\/uploads\/2014\/10\/Screenshot-2014-12-31-09.24.12-e1420014378372.png","contentUrl":"https:\/\/wolfgang-theodor-mueller.com\/wp-content\/uploads\/2014\/10\/Screenshot-2014-12-31-09.24.12-e1420014378372.png","width":1304,"height":594,"caption":"Meine aktuellen Seminare, Workshops und Vortr\u00e4ge finden Sie auf www.akua-events.com"},{"@type":"BreadcrumbList","@id":"https:\/\/wolfgang-theodor-mueller.com\/?page_id=114#breadcrumb","itemListElement":[{"@type":"ListItem","position":1,"name":"Home","item":"https:\/\/wolfgang-theodor-mueller.com\/"},{"@type":"ListItem","position":2,"name":"Aktuelle Termine"}]},{"@type":"WebSite","@id":"https:\/\/wolfgang-theodor-mueller.com\/#website","url":"https:\/\/wolfgang-theodor-mueller.com\/","name":"Wolfgang T. M\u00fcller","description":"Keynote-Speaker - Dozent - Lebenslehrer","potentialAction":[{"@type":"SearchAction","target":{"@type":"EntryPoint","urlTemplate":"https:\/\/wolfgang-theodor-mueller.com\/?s={search_term_string}"},"query-input":{"@type":"PropertyValueSpecification","valueRequired":true,"valueName":"search_term_string"}}],"inLanguage":"de"}]}},"_links":{"self":[{"href":"https:\/\/wolfgang-theodor-mueller.com\/index.php?rest_route=\/wp\/v2\/pages\/114","targetHints":{"allow":["GET"]}}],"collection":[{"href":"https:\/\/wolfgang-theodor-mueller.com\/index.php?rest_route=\/wp\/v2\/pages"}],"about":[{"href":"https:\/\/wolfgang-theodor-mueller.com\/index.php?rest_route=\/wp\/v2\/types\/page"}],"author":[{"embeddable":true,"href":"https:\/\/wolfgang-theodor-mueller.com\/index.php?rest_route=\/wp\/v2\/users\/1"}],"replies":[{"embeddable":true,"href":"https:\/\/wolfgang-theodor-mueller.com\/index.php?rest_route=%2Fwp%2Fv2%2Fcomments&post=114"}],"version-history":[{"count":8,"href":"https:\/\/wolfgang-theodor-mueller.com\/index.php?rest_route=\/wp\/v2\/pages\/114\/revisions"}],"predecessor-version":[{"id":248,"href":"https:\/\/wolfgang-theodor-mueller.com\/index.php?rest_route=\/wp\/v2\/pages\/114\/revisions\/248"}],"wp:attachment":[{"href":"https:\/\/wolfgang-theodor-mueller.com\/index.php?rest_route=%2Fwp%2Fv2%2Fmedia&parent=114"}],"curies":[{"name":"wp","href":"https:\/\/api.w.org\/{rel}","templated":true}]}}