{"id":11,"date":"2014-10-21T09:13:13","date_gmt":"2014-10-21T09:13:13","guid":{"rendered":"http:\/\/wolfgang-theodor-mueller.com\/?page_id=11"},"modified":"2016-04-15T21:17:24","modified_gmt":"2016-04-15T21:17:24","slug":"startseite","status":"publish","type":"page","link":"https:\/\/wolfgang-theodor-mueller.com\/","title":{"rendered":"Herzlich Willkommen!"},"content":{"rendered":"<p><strong><a href=\"https:\/\/wolfgang-theodor-mueller.com\/wp-content\/uploads\/2014\/10\/DSC8777-1.jpg\"><img loading=\"lazy\" decoding=\"async\" class=\"alignright wp-image-31 size-medium\" src=\"https:\/\/wolfgang-theodor-mueller.com\/wp-content\/uploads\/2014\/10\/DSC8777-1-256x300.jpg\" alt=\"Wolfgang T. M\u00fcller\" width=\"256\" height=\"300\" srcset=\"https:\/\/wolfgang-theodor-mueller.com\/wp-content\/uploads\/2014\/10\/DSC8777-1-256x300.jpg 256w, https:\/\/wolfgang-theodor-mueller.com\/wp-content\/uploads\/2014\/10\/DSC8777-1.jpg 691w\" sizes=\"auto, (max-width: 256px) 100vw, 256px\" \/><\/a><\/strong><\/p>\n<p>Sch\u00f6n, dass Sie mich gefunden haben. Sie waren doch auf der Suche nach mir &#8211; oder?<\/p>\n<p><strong>Sie sind jedenfalls nicht &#8222;zuf\u00e4llig&#8220; hier.<\/strong><\/p>\n<p>Nichts geschieht in diesem Universum nur zuf\u00e4llig. Alles hat einen Sinn, eine eigene Ordnung, eine eigene Intelligenz.<\/p>\n<p><strong>Warum haben Sie\u00a0nach mir gesucht?<\/strong><\/p>\n<p>Weil Sie vielleicht auf der Suche nach einem Lebenslehrer, einem Lebensberater, einem Motivations-Trainer, einem Mental-Coach, einem Referenten, einem Dozenten oder einem Keynote-Speaker waren? Oder suchten Sie eventuell einen Experten f\u00fcr eine Podiumsdiskussion oder jemanden, der als Moderator souver\u00e4n eine Veranstaltung leiten und f\u00fchren kann? Oder brauchen Sie jemanden, der Vortr\u00e4ge zu bestimmten Themen humorvoll und doch fachkompetent\u00a0halten kann. Oder doch eher einen Seminarleiter f\u00fcr Ihre Inhouse-Workshops?<\/p>\n<p>Vielleicht kennen Sie mich aber auch von einer anderen Seite her, n\u00e4mlich als <a href=\"http:\/\/www.heilerakademie.eu\" target=\"_blank\">Leiter der Heilerakademie Europa, als Geistheiler und Energetiker mit eigener Praxis<\/a> oder aber auch als <a href=\"http:\/\/www.lanakilafilm.com\" target=\"_blank\">Filmproduzent diverser spiritueller und alternativmedizinischer Dokumentarfilme<\/a>.<\/p>\n<p>Wie dem auch sei:<\/p>\n<p><strong>Suchen Sie nicht l\u00e4nger &#8211; Sie haben mich jetzt gefunden!<\/strong><\/p>\n<p>Schauen Sie sich einfach die diversen Einsatzbereiche meiner T\u00e4tigkeit als freier Redner und Vortragenden an. Sie werden f\u00fcndig. Garantiert. Und wenn Sie das Stichwort f\u00fcr das gefunden haben, was Sie gesucht haben, dann nehmen Sie ganz einfach und unkompliziert mit mir Kontakt auf und schreiben mir frei von der Leber weg, was Sie interessiert.\u00a0Ich antworte schnellstm\u00f6glich. Und ich komme, soweit es mein Terminplan zul\u00e4sst. Versprochen.<\/p>\n<p>Oder schauen Sie doch einmal schnell auf die <strong><a href=\"http:\/\/akua-events.at\/events\/categories\/wolfgang-t-mueller-dozent\/\" target=\"_blank\">aktuelle Eventseite<\/a><\/strong> mit bereits ausgeschriebenen Seminaren, Vortr\u00e4ge und Workshops. M\u00f6glicherweise ist da bereits ein passendes Thema f\u00fcr Sie vorhanden.<\/p>\n<p>Und hier meine Email-Adresse f\u00fcr schnellstm\u00f6gliche Kontaktaufnahme: <a href=\"mailto:info@wolfgang-theodor-mueller.de\">info@wolfgang-theodor-mueller.de<\/a> \u00a0&#8211; oder wollen Sie lieber gleich mit mir telefonieren? Telefon: 0043 676 6404426.<\/p>\n<p>Herzlichst Ihr<\/p>\n<p><strong><em>Wolfgang T. M\u00fcller<\/em><\/strong><\/p>\n","protected":false},"excerpt":{"rendered":"<p>Sch\u00f6n, dass Sie mich gefunden haben. Sie waren doch auf der Suche nach mir &#8211; oder? Sie sind jedenfalls nicht &#8222;zuf\u00e4llig&#8220; hier. Nichts geschieht in diesem Universum nur zuf\u00e4llig. Alles&#8230; <a class=\"read-more-button\" href=\"https:\/\/wolfgang-theodor-mueller.com\/\">Mehr Lesen &gt;<\/a><\/p>\n","protected":false},"author":1,"featured_media":0,"parent":0,"menu_order":0,"comment_status":"closed","ping_status":"closed","template":"","meta":{"footnotes":""},"class_list":["post-11","page","type-page","status-publish","hentry"],"yoast_head":"<!-- This site is optimized with the Yoast SEO plugin v27.4 - https:\/\/yoast.com\/product\/yoast-seo-wordpress\/ -->\n<title>Wolfgang T. M\u00fcller - Keynote-Speaker &amp; Life-Coach<\/title>\n<meta name=\"description\" content=\"Wolfgang T. M\u00fcller ist bekannt durch Film und Presse. Wolfgang T. M\u00fcller ist Keynote-Speaker, Life-Coach, Seminarleiter, Ausbilder und Redner.\" \/>\n<meta name=\"robots\" content=\"index, follow, max-snippet:-1, max-image-preview:large, max-video-preview:-1\" \/>\n<link rel=\"canonical\" href=\"https:\/\/wolfgang-theodor-mueller.com\/\" \/>\n<meta property=\"og:locale\" content=\"de_DE\" \/>\n<meta property=\"og:type\" content=\"article\" \/>\n<meta property=\"og:title\" content=\"Wolfgang T. M\u00fcller - Keynote Speaker &amp; Life-Coach\" \/>\n<meta property=\"og:description\" content=\"Wolfgang T. M\u00fcller ist bekannt durch Film und Presse. Wolfgang T. M\u00fcller ist Keynote-Speaker, Life-Coach, Seminarleiter, Ausbilder und Redner.\" \/>\n<meta property=\"og:url\" content=\"https:\/\/wolfgang-theodor-mueller.com\/\" \/>\n<meta property=\"og:site_name\" content=\"Wolfgang T. M\u00fcller\" \/>\n<meta property=\"article:modified_time\" content=\"2016-04-15T21:17:24+00:00\" \/>\n<meta property=\"og:image\" content=\"https:\/\/wolfgang-theodor-mueller.com\/wp-content\/uploads\/2014\/10\/DSC8777-1-256x300.jpg\" \/>\n<meta name=\"twitter:label1\" content=\"Gesch\u00e4tzte Lesezeit\" \/>\n\t<meta name=\"twitter:data1\" content=\"1\u00a0Minute\" \/>\n<script type=\"application\/ld+json\" class=\"yoast-schema-graph\">{\"@context\":\"https:\\\/\\\/schema.org\",\"@graph\":[{\"@type\":\"WebPage\",\"@id\":\"https:\\\/\\\/wolfgang-theodor-mueller.com\\\/\",\"url\":\"https:\\\/\\\/wolfgang-theodor-mueller.com\\\/\",\"name\":\"Wolfgang T. M\u00fcller - Keynote-Speaker & Life-Coach\",\"isPartOf\":{\"@id\":\"https:\\\/\\\/wolfgang-theodor-mueller.com\\\/#website\"},\"primaryImageOfPage\":{\"@id\":\"https:\\\/\\\/wolfgang-theodor-mueller.com\\\/#primaryimage\"},\"image\":{\"@id\":\"https:\\\/\\\/wolfgang-theodor-mueller.com\\\/#primaryimage\"},\"thumbnailUrl\":\"https:\\\/\\\/wolfgang-theodor-mueller.com\\\/wp-content\\\/uploads\\\/2014\\\/10\\\/DSC8777-1-256x300.jpg\",\"datePublished\":\"2014-10-21T09:13:13+00:00\",\"dateModified\":\"2016-04-15T21:17:24+00:00\",\"description\":\"Wolfgang T. M\u00fcller ist bekannt durch Film und Presse. Wolfgang T. M\u00fcller ist Keynote-Speaker, Life-Coach, Seminarleiter, Ausbilder und Redner.\",\"breadcrumb\":{\"@id\":\"https:\\\/\\\/wolfgang-theodor-mueller.com\\\/#breadcrumb\"},\"inLanguage\":\"de\",\"potentialAction\":[{\"@type\":\"ReadAction\",\"target\":[\"https:\\\/\\\/wolfgang-theodor-mueller.com\\\/\"]}]},{\"@type\":\"ImageObject\",\"inLanguage\":\"de\",\"@id\":\"https:\\\/\\\/wolfgang-theodor-mueller.com\\\/#primaryimage\",\"url\":\"https:\\\/\\\/wolfgang-theodor-mueller.com\\\/wp-content\\\/uploads\\\/2014\\\/10\\\/DSC8777-1.jpg\",\"contentUrl\":\"https:\\\/\\\/wolfgang-theodor-mueller.com\\\/wp-content\\\/uploads\\\/2014\\\/10\\\/DSC8777-1.jpg\",\"width\":691,\"height\":808,\"caption\":\"Wolfgang T. M\u00fcller\"},{\"@type\":\"BreadcrumbList\",\"@id\":\"https:\\\/\\\/wolfgang-theodor-mueller.com\\\/#breadcrumb\",\"itemListElement\":[{\"@type\":\"ListItem\",\"position\":1,\"name\":\"Home\",\"item\":\"https:\\\/\\\/wolfgang-theodor-mueller.com\\\/\"},{\"@type\":\"ListItem\",\"position\":2,\"name\":\"Herzlich Willkommen!\"}]},{\"@type\":\"WebSite\",\"@id\":\"https:\\\/\\\/wolfgang-theodor-mueller.com\\\/#website\",\"url\":\"https:\\\/\\\/wolfgang-theodor-mueller.com\\\/\",\"name\":\"Wolfgang T. M\u00fcller\",\"description\":\"Keynote-Speaker - Dozent - Lebenslehrer\",\"potentialAction\":[{\"@type\":\"SearchAction\",\"target\":{\"@type\":\"EntryPoint\",\"urlTemplate\":\"https:\\\/\\\/wolfgang-theodor-mueller.com\\\/?s={search_term_string}\"},\"query-input\":{\"@type\":\"PropertyValueSpecification\",\"valueRequired\":true,\"valueName\":\"search_term_string\"}}],\"inLanguage\":\"de\"}]}<\/script>\n<!-- \/ Yoast SEO plugin. -->","yoast_head_json":{"title":"Wolfgang T. M\u00fcller - Keynote-Speaker & Life-Coach","description":"Wolfgang T. M\u00fcller ist bekannt durch Film und Presse. Wolfgang T. M\u00fcller ist Keynote-Speaker, Life-Coach, Seminarleiter, Ausbilder und Redner.","robots":{"index":"index","follow":"follow","max-snippet":"max-snippet:-1","max-image-preview":"max-image-preview:large","max-video-preview":"max-video-preview:-1"},"canonical":"https:\/\/wolfgang-theodor-mueller.com\/","og_locale":"de_DE","og_type":"article","og_title":"Wolfgang T. M\u00fcller - Keynote Speaker & Life-Coach","og_description":"Wolfgang T. M\u00fcller ist bekannt durch Film und Presse. Wolfgang T. M\u00fcller ist Keynote-Speaker, Life-Coach, Seminarleiter, Ausbilder und Redner.","og_url":"https:\/\/wolfgang-theodor-mueller.com\/","og_site_name":"Wolfgang T. M\u00fcller","article_modified_time":"2016-04-15T21:17:24+00:00","og_image":[{"url":"https:\/\/wolfgang-theodor-mueller.com\/wp-content\/uploads\/2014\/10\/DSC8777-1-256x300.jpg","type":"","width":"","height":""}],"twitter_misc":{"Gesch\u00e4tzte Lesezeit":"1\u00a0Minute"},"schema":{"@context":"https:\/\/schema.org","@graph":[{"@type":"WebPage","@id":"https:\/\/wolfgang-theodor-mueller.com\/","url":"https:\/\/wolfgang-theodor-mueller.com\/","name":"Wolfgang T. M\u00fcller - Keynote-Speaker & Life-Coach","isPartOf":{"@id":"https:\/\/wolfgang-theodor-mueller.com\/#website"},"primaryImageOfPage":{"@id":"https:\/\/wolfgang-theodor-mueller.com\/#primaryimage"},"image":{"@id":"https:\/\/wolfgang-theodor-mueller.com\/#primaryimage"},"thumbnailUrl":"https:\/\/wolfgang-theodor-mueller.com\/wp-content\/uploads\/2014\/10\/DSC8777-1-256x300.jpg","datePublished":"2014-10-21T09:13:13+00:00","dateModified":"2016-04-15T21:17:24+00:00","description":"Wolfgang T. M\u00fcller ist bekannt durch Film und Presse. Wolfgang T. M\u00fcller ist Keynote-Speaker, Life-Coach, Seminarleiter, Ausbilder und Redner.","breadcrumb":{"@id":"https:\/\/wolfgang-theodor-mueller.com\/#breadcrumb"},"inLanguage":"de","potentialAction":[{"@type":"ReadAction","target":["https:\/\/wolfgang-theodor-mueller.com\/"]}]},{"@type":"ImageObject","inLanguage":"de","@id":"https:\/\/wolfgang-theodor-mueller.com\/#primaryimage","url":"https:\/\/wolfgang-theodor-mueller.com\/wp-content\/uploads\/2014\/10\/DSC8777-1.jpg","contentUrl":"https:\/\/wolfgang-theodor-mueller.com\/wp-content\/uploads\/2014\/10\/DSC8777-1.jpg","width":691,"height":808,"caption":"Wolfgang T. M\u00fcller"},{"@type":"BreadcrumbList","@id":"https:\/\/wolfgang-theodor-mueller.com\/#breadcrumb","itemListElement":[{"@type":"ListItem","position":1,"name":"Home","item":"https:\/\/wolfgang-theodor-mueller.com\/"},{"@type":"ListItem","position":2,"name":"Herzlich Willkommen!"}]},{"@type":"WebSite","@id":"https:\/\/wolfgang-theodor-mueller.com\/#website","url":"https:\/\/wolfgang-theodor-mueller.com\/","name":"Wolfgang T. M\u00fcller","description":"Keynote-Speaker - Dozent - Lebenslehrer","potentialAction":[{"@type":"SearchAction","target":{"@type":"EntryPoint","urlTemplate":"https:\/\/wolfgang-theodor-mueller.com\/?s={search_term_string}"},"query-input":{"@type":"PropertyValueSpecification","valueRequired":true,"valueName":"search_term_string"}}],"inLanguage":"de"}]}},"_links":{"self":[{"href":"https:\/\/wolfgang-theodor-mueller.com\/index.php?rest_route=\/wp\/v2\/pages\/11","targetHints":{"allow":["GET"]}}],"collection":[{"href":"https:\/\/wolfgang-theodor-mueller.com\/index.php?rest_route=\/wp\/v2\/pages"}],"about":[{"href":"https:\/\/wolfgang-theodor-mueller.com\/index.php?rest_route=\/wp\/v2\/types\/page"}],"author":[{"embeddable":true,"href":"https:\/\/wolfgang-theodor-mueller.com\/index.php?rest_route=\/wp\/v2\/users\/1"}],"replies":[{"embeddable":true,"href":"https:\/\/wolfgang-theodor-mueller.com\/index.php?rest_route=%2Fwp%2Fv2%2Fcomments&post=11"}],"version-history":[{"count":9,"href":"https:\/\/wolfgang-theodor-mueller.com\/index.php?rest_route=\/wp\/v2\/pages\/11\/revisions"}],"predecessor-version":[{"id":326,"href":"https:\/\/wolfgang-theodor-mueller.com\/index.php?rest_route=\/wp\/v2\/pages\/11\/revisions\/326"}],"wp:attachment":[{"href":"https:\/\/wolfgang-theodor-mueller.com\/index.php?rest_route=%2Fwp%2Fv2%2Fmedia&parent=11"}],"curies":[{"name":"wp","href":"https:\/\/api.w.org\/{rel}","templated":true}]}}